{"id":3291,"date":"2025-11-21T15:07:53","date_gmt":"2025-11-21T14:07:53","guid":{"rendered":"https:\/\/www.cadransolaire.it\/?page_id=3291"},"modified":"2025-12-02T08:15:56","modified_gmt":"2025-12-02T07:15:56","slug":"take-away","status":"publish","type":"page","link":"https:\/\/www.cadransolaire.it\/fr\/take-away\/","title":{"rendered":"Take away"},"content":{"rendered":"<p>[et_pb_section fb_built=&#8221;1&#8243; custom_padding_last_edited=&#8221;on|tablet&#8221; _builder_version=&#8221;4.27.4&#8243; _module_preset=&#8221;default&#8221; background_color=&#8221;#f5f5f5&#8243; background_color_gradient_direction=&#8221;270deg&#8221; background_enable_image=&#8221;off&#8221; custom_padding=&#8221;120px||200px||false|&#8221; custom_padding_tablet=&#8221;50px||||false|false&#8221; custom_padding_phone=&#8221;&#8221; locked=&#8221;off&#8221; global_colors_info=&#8221;{}&#8221;][et_pb_row column_structure=&#8221;2_5,3_5&#8243; use_custom_gutter=&#8221;on&#8221; gutter_width=&#8221;2&#8243; _builder_version=&#8221;4.16&#8243; _module_preset=&#8221;default&#8221; custom_padding=&#8221;0px||0px||true|&#8221; global_colors_info=&#8221;{}&#8221;][et_pb_column type=&#8221;2_5&#8243; _builder_version=&#8221;4.16&#8243; _module_preset=&#8221;default&#8221; global_colors_info=&#8221;{}&#8221;][et_pb_text admin_label=&#8221;Terrasse solaire&#8221; _builder_version=&#8221;4.27.4&#8243; _module_preset=&#8221;default&#8221; text_text_color=&#8221;#FFFFFF&#8221; header_2_text_color=&#8221;#FFFFFF&#8221; background_enable_color=&#8221;off&#8221; custom_margin=&#8221;||||false|false&#8221; global_colors_info=&#8221;{}&#8221;]<\/p>\n<h1 style=\"text-align: left;\">Take away<\/h1>\n<p>[\/et_pb_text][et_pb_text _builder_version=&#8221;4.27.4&#8243; _module_preset=&#8221;default&#8221; background_enable_color=&#8221;off&#8221; max_width=&#8221;450px&#8221; module_alignment=&#8221;left&#8221; custom_margin=&#8221;||15px||false|false&#8221; global_colors_info=&#8221;{}&#8221;]<\/p>\n<h3>la convivialit\u00e9 alpine,<br \/>\n\u00e0 emporter chez soi\u00a0<\/h3>\n<p>[\/et_pb_text][et_pb_text _builder_version=&#8221;4.27.4&#8243; _module_preset=&#8221;default&#8221; background_enable_color=&#8221;off&#8221; max_width=&#8221;400px&#8221; module_alignment=&#8221;left&#8221; custom_margin=&#8221;||35px||false|false&#8221; global_colors_info=&#8221;{}&#8221;]Il y a des d\u00eeners qui commencent bien avant de s\u2019asseoir \u00e0 table : ils commencent par un parfum qui s\u2019\u00e9chappe de la cuisine, par un four qui s\u2019allume, par un geste d\u00e9licat, d\u00e9di\u00e9 \u00e0 soi-m\u00eame ou aux personnes avec qui l\u2019on partage le repas.\u00a0<\/p>\n<p>Notre projet Take Away est n\u00e9 de cette id\u00e9e : permettre \u00e0 nos h\u00f4tes de vivre l\u2019atmosph\u00e8re du Cadran chez eux, avec des plats pr\u00e9par\u00e9s par notre cuisine et finalis\u00e9s par vos soins, en suivant des instructions simples.\u00a0[\/et_pb_text][\/et_pb_column][et_pb_column type=&#8221;3_5&#8243; _builder_version=&#8221;4.16&#8243; _module_preset=&#8221;default&#8221; global_colors_info=&#8221;{}&#8221;][et_pb_image src=&#8221;https:\/\/www.cadransolaire.it\/wp-content\/uploads\/2025\/11\/take-away-2.png&#8221; alt=&#8221;Cadran Solaire &#8211; Take away&#8221; title_text=&#8221;Cadran Solaire &#8211; Take away&#8221; _builder_version=&#8221;4.27.4&#8243; _module_preset=&#8221;default&#8221; max_width=&#8221;600px&#8221; module_alignment=&#8221;center&#8221; global_colors_info=&#8221;{}&#8221;][\/et_pb_image][\/et_pb_column][\/et_pb_row][\/et_pb_section][et_pb_section fb_built=&#8221;1&#8243; _builder_version=&#8221;4.27.4&#8243; _module_preset=&#8221;default&#8221; background_color=&#8221;#f5f5f5&#8243; custom_margin=&#8221;||||false|false&#8221; custom_padding=&#8221;0px||50px||false|false&#8221; locked=&#8221;off&#8221; global_colors_info=&#8221;{}&#8221;][et_pb_row column_structure=&#8221;1_2,1_2&#8243; _builder_version=&#8221;4.16&#8243; _module_preset=&#8221;default&#8221; transform_translate_linked=&#8221;off&#8221; custom_padding=&#8221;0px||0px||true|&#8221; global_colors_info=&#8221;{}&#8221;][et_pb_column type=&#8221;1_2&#8243; _builder_version=&#8221;4.16&#8243; _module_preset=&#8221;default&#8221; transform_translate=&#8221;0px|-100px&#8221; transform_translate_linked=&#8221;off&#8221; global_colors_info=&#8221;{}&#8221;][et_pb_image src=&#8221;https:\/\/www.cadransolaire.it\/wp-content\/uploads\/2025\/11\/take-away-1.png&#8221; alt=&#8221;Cadran Solaire &#8211; Take away&#8221; title_text=&#8221;Cadran Solaire &#8211; Take away&#8221; align=&#8221;center&#8221; _builder_version=&#8221;4.27.4&#8243; _module_preset=&#8221;default&#8221; max_width=&#8221;400px&#8221; custom_margin=&#8221;||50px|||&#8221; global_colors_info=&#8221;{}&#8221;][\/et_pb_image][et_pb_text admin_label=&#8221;\u201cI sogni ad occhi aperti &#8230;&#8221; _builder_version=&#8221;4.27.4&#8243; _module_preset=&#8221;default&#8221; max_width=&#8221;350px&#8221; module_alignment=&#8221;center&#8221; custom_margin=&#8221;100px||15px||false|false&#8221; custom_margin_tablet=&#8221;50px||||false|false&#8221; custom_margin_phone=&#8221;50px||||false|false&#8221; custom_margin_last_edited=&#8221;on|tablet&#8221; global_colors_info=&#8221;{}&#8221;]<\/p>\n<h2 style=\"text-align: left;\">Les r\u00e8gles<br \/>\ndu take away\u00a0<\/h2>\n<p>[\/et_pb_text][et_pb_text admin_label=&#8221;\u201cI sogni ad occhi aperti &#8230;&#8221; _builder_version=&#8221;4.27.4&#8243; _module_preset=&#8221;default&#8221; max_width=&#8221;350px&#8221; module_alignment=&#8221;center&#8221; hover_enabled=&#8221;0&#8243; global_colors_info=&#8221;{}&#8221; sticky_enabled=&#8221;0&#8243;]<\/p>\n<ul>\n<li style=\"text-align: left;\">Les commandes doivent parvenir avant 12h00 le jour du retrait.<\/li>\n<li style=\"text-align: left;\">Les plats peuvent \u00eatre retir\u00e9s entre 19h00 et 20h00 au Cadran Solaire, Via Roma 122.<\/li>\n<li style=\"text-align: left;\">La r\u00e9servation se fait uniquement en ligne, avec pr\u00e9paiement non remboursable, dans la section d\u00e9di\u00e9e de notre site.<\/li>\n<li style=\"text-align: left;\">Les commandes sont con\u00e7ues pour 2 personnes et des multiples de 2.<\/li>\n<li style=\"text-align: left;\">Le montant minimum de commande est de 50 euros.<\/li>\n<\/ul>\n<p>[\/et_pb_text][\/et_pb_column][et_pb_column type=&#8221;1_2&#8243; _builder_version=&#8221;4.16&#8243; _module_preset=&#8221;default&#8221; transform_translate_linked=&#8221;off&#8221; global_colors_info=&#8221;{}&#8221;][et_pb_text admin_label=&#8221;\u201cI sogni ad occhi aperti &#8230;&#8221; _builder_version=&#8221;4.27.4&#8243; _module_preset=&#8221;default&#8221; max_width=&#8221;400px&#8221; module_alignment=&#8221;center&#8221; global_colors_info=&#8221;{}&#8221;]<\/p>\n<h3 style=\"text-align: center;\">Une mani\u00e8re diff\u00e9rente de penser la convivialit\u00e9 : la tradition alpine qui rencontre le plaisir de pr\u00e9parer, de r\u00e9chauffer, de servir.\u2028<br \/>\nEt de retrouver, ailleurs aussi, cette saveur qui nous rassemble.\u00a0<\/h3>\n<p>[\/et_pb_text][et_pb_button button_text=&#8221;D\u00c9COUVRIR LE MENU &#8221; button_alignment=&#8221;center&#8221; _builder_version=&#8221;4.27.4&#8243; _module_preset=&#8221;default&#8221; custom_button=&#8221;on&#8221; button_text_color=&#8221;#FFFFFF&#8221; button_bg_color=&#8221;#A56441&#8243; button_border_color=&#8221;#A56441&#8243; button_use_icon=&#8221;off&#8221; custom_margin=&#8221;||20px||false|false&#8221; hover_enabled=&#8221;0&#8243; global_colors_info=&#8221;{}&#8221; button_url=&#8221;https:\/\/www.cadransolaire.it\/wp-content\/uploads\/2025\/12\/menu-take-away-fra.pdf&#8221; url_new_window=&#8221;on&#8221; sticky_enabled=&#8221;0&#8243;][\/et_pb_button][et_pb_button button_url=&#8221; https:\/\/cadransolaire.plateform.app\/takeaway?takeaway=&#038;catD671968&#8243; url_new_window=&#8221;on&#8221; button_text=&#8221;R\u00c9SERVER &#8221; button_alignment=&#8221;center&#8221; _builder_version=&#8221;4.27.4&#8243; _module_preset=&#8221;default&#8221; custom_button=&#8221;on&#8221; button_text_color=&#8221;#FFFFFF&#8221; button_bg_color=&#8221;#A56441&#8243; button_border_color=&#8221;#A56441&#8243; button_use_icon=&#8221;off&#8221; hover_enabled=&#8221;0&#8243; global_colors_info=&#8221;{}&#8221; sticky_enabled=&#8221;0&#8243;][\/et_pb_button][et_pb_image src=&#8221;https:\/\/www.cadransolaire.it\/wp-content\/uploads\/2025\/11\/take-away-3.png&#8221; alt=&#8221;Cadran Solaire &#8211; Take away&#8221; title_text=&#8221;Cadran Solaire &#8211; Take away&#8221; align=&#8221;center&#8221; _builder_version=&#8221;4.27.4&#8243; _module_preset=&#8221;default&#8221; max_width=&#8221;350px&#8221; module_alignment=&#8221;center&#8221; custom_margin=&#8221;100px||50px||false|false&#8221; custom_margin_tablet=&#8221;0px||||false|false&#8221; custom_margin_phone=&#8221;&#8221; custom_margin_last_edited=&#8221;on|tablet&#8221; global_colors_info=&#8221;{}&#8221;][\/et_pb_image][\/et_pb_column][\/et_pb_row][\/et_pb_section][et_pb_section fb_built=&#8221;1&#8243; disabled_on=&#8221;off|on|on&#8221; _builder_version=&#8221;4.16&#8243; _module_preset=&#8221;default&#8221; background_color=&#8221;#503418&#8243; positioning=&#8221;fixed&#8221; position_origin_f=&#8221;bottom_center&#8221; z_index=&#8221;999999&#8243; custom_padding=&#8221;0px||0px||true|&#8221; global_module=&#8221;883&#8243; saved_tabs=&#8221;all&#8221; global_colors_info=&#8221;{}&#8221;][et_pb_row use_custom_gutter=&#8221;on&#8221; gutter_width=&#8221;2&#8243; make_equal=&#8221;on&#8221; module_class=&#8221;six-columns&#8221; _builder_version=&#8221;4.16&#8243; _module_preset=&#8221;default&#8221; width=&#8221;90%&#8221; max_width=&#8221;2560px&#8221; custom_padding=&#8221;15px||15px||true|false&#8221; global_colors_info=&#8221;{}&#8221;][et_pb_column type=&#8221;4_4&#8243; _builder_version=&#8221;4.16&#8243; _module_preset=&#8221;default&#8221; global_colors_info=&#8221;{}&#8221;][et_pb_blurb disabled_on=&#8221;off|off|off&#8221; _builder_version=&#8221;4.18.0&#8243; _module_preset=&#8221;default&#8221; body_text_color=&#8221;#FFFFFF&#8221; custom_margin=&#8221;||0px||false|false&#8221; link_option_url=&#8221;https:\/\/cadransolaire.plateform.app\/welcome&#8221; link_option_url_new_window=&#8221;on&#8221; custom_css_blurb_image=&#8221;margin-bottom: 5px;&#8221; global_colors_info=&#8221;{}&#8221;]<\/p>\n<p style=\"text-align: center;\">RESERVEZ<\/p>\n<p>[\/et_pb_blurb][et_pb_blurb _builder_version=&#8221;4.18.0&#8243; _module_preset=&#8221;default&#8221; body_text_color=&#8221;#FFFFFF&#8221; custom_margin=&#8221;||0px||false|false&#8221; link_option_url=&#8221;tel:+390165844609&#8243; custom_css_blurb_image=&#8221;margin-bottom: 5px;&#8221; global_colors_info=&#8221;{}&#8221;]<\/p>\n<p style=\"text-align: center;\">T\u00c9L\u00c9PHONE<\/p>\n<p>[\/et_pb_blurb][\/et_pb_column][\/et_pb_row][\/et_pb_section]<\/p>\n","protected":false},"excerpt":{"rendered":"<p>Take awayla convivialit\u00e9 alpine, \u00e0 emporter chez soi\u00a0Il y a des d\u00eeners qui commencent bien avant de s\u2019asseoir \u00e0 table : ils commencent par un parfum qui s\u2019\u00e9chappe de la cuisine, par un four qui s\u2019allume, par un geste d\u00e9licat, d\u00e9di\u00e9 \u00e0 soi-m\u00eame ou aux personnes avec qui l\u2019on partage le repas.\u00a0 Notre projet Take [&hellip;]<\/p>\n","protected":false},"author":1,"featured_media":0,"parent":0,"menu_order":0,"comment_status":"closed","ping_status":"closed","template":"","meta":{"_et_pb_use_builder":"on","_et_pb_old_content":"","_et_gb_content_width":"","footnotes":""},"class_list":["post-3291","page","type-page","status-publish","hentry"],"yoast_head":"<!-- This site is optimized with the Yoast SEO plugin v27.3 - https:\/\/yoast.com\/product\/yoast-seo-wordpress\/ -->\n<title>La Terrasse Solaire - Vivre le Cadran Solaire<\/title>\n<meta name=\"description\" content=\"En toutes saisons, il est \u00e9galement possible de d\u00e9couvrir le Cadran en ext\u00e9rieur, en prenant place sur sa terrasse solarium ...\" \/>\n<meta name=\"robots\" content=\"index, follow, max-snippet:-1, max-image-preview:large, max-video-preview:-1\" \/>\n<link rel=\"canonical\" href=\"https:\/\/www.cadransolaire.it\/fr\/take-away\/\" \/>\n<meta property=\"og:locale\" content=\"fr_FR\" \/>\n<meta property=\"og:type\" content=\"article\" \/>\n<meta property=\"og:title\" content=\"La Terrasse Solaire - Vivre le Cadran Solaire\" \/>\n<meta property=\"og:description\" content=\"En toutes saisons, il est \u00e9galement possible de d\u00e9couvrir le Cadran en ext\u00e9rieur, en prenant place sur sa terrasse solarium ...\" \/>\n<meta property=\"og:url\" content=\"https:\/\/www.cadransolaire.it\/fr\/take-away\/\" \/>\n<meta property=\"og:site_name\" content=\"Cadran Solaire\" \/>\n<meta property=\"article:modified_time\" content=\"2025-12-02T07:15:56+00:00\" \/>\n<meta name=\"twitter:card\" content=\"summary_large_image\" \/>\n<meta name=\"twitter:label1\" content=\"Dur\u00e9e de lecture estim\u00e9e\" \/>\n\t<meta name=\"twitter:data1\" content=\"5 minutes\" \/>\n<script type=\"application\/ld+json\" class=\"yoast-schema-graph\">{\"@context\":\"https:\\\/\\\/schema.org\",\"@graph\":[{\"@type\":\"WebPage\",\"@id\":\"https:\\\/\\\/www.cadransolaire.it\\\/fr\\\/take-away\\\/\",\"url\":\"https:\\\/\\\/www.cadransolaire.it\\\/fr\\\/take-away\\\/\",\"name\":\"La Terrasse Solaire - Vivre le Cadran Solaire\",\"isPartOf\":{\"@id\":\"https:\\\/\\\/www.cadransolaire.it\\\/fr\\\/#website\"},\"datePublished\":\"2025-11-21T14:07:53+00:00\",\"dateModified\":\"2025-12-02T07:15:56+00:00\",\"description\":\"En toutes saisons, il est \u00e9galement possible de d\u00e9couvrir le Cadran en ext\u00e9rieur, en prenant place sur sa terrasse solarium ...\",\"breadcrumb\":{\"@id\":\"https:\\\/\\\/www.cadransolaire.it\\\/fr\\\/take-away\\\/#breadcrumb\"},\"inLanguage\":\"fr-FR\",\"potentialAction\":[{\"@type\":\"ReadAction\",\"target\":[\"https:\\\/\\\/www.cadransolaire.it\\\/fr\\\/take-away\\\/\"]}]},{\"@type\":\"BreadcrumbList\",\"@id\":\"https:\\\/\\\/www.cadransolaire.it\\\/fr\\\/take-away\\\/#breadcrumb\",\"itemListElement\":[{\"@type\":\"ListItem\",\"position\":1,\"name\":\"Home\",\"item\":\"https:\\\/\\\/www.cadransolaire.it\\\/fr\\\/\"},{\"@type\":\"ListItem\",\"position\":2,\"name\":\"Take away\"}]},{\"@type\":\"WebSite\",\"@id\":\"https:\\\/\\\/www.cadransolaire.it\\\/fr\\\/#website\",\"url\":\"https:\\\/\\\/www.cadransolaire.it\\\/fr\\\/\",\"name\":\"Cadran Solaire\",\"description\":\"Ristorante a Courmayeur\",\"potentialAction\":[{\"@type\":\"SearchAction\",\"target\":{\"@type\":\"EntryPoint\",\"urlTemplate\":\"https:\\\/\\\/www.cadransolaire.it\\\/fr\\\/?s={search_term_string}\"},\"query-input\":{\"@type\":\"PropertyValueSpecification\",\"valueRequired\":true,\"valueName\":\"search_term_string\"}}],\"inLanguage\":\"fr-FR\"}]}<\/script>\n<!-- \/ Yoast SEO plugin. -->","yoast_head_json":{"title":"La Terrasse Solaire - Vivre le Cadran Solaire","description":"En toutes saisons, il est \u00e9galement possible de d\u00e9couvrir le Cadran en ext\u00e9rieur, en prenant place sur sa terrasse solarium ...","robots":{"index":"index","follow":"follow","max-snippet":"max-snippet:-1","max-image-preview":"max-image-preview:large","max-video-preview":"max-video-preview:-1"},"canonical":"https:\/\/www.cadransolaire.it\/fr\/take-away\/","og_locale":"fr_FR","og_type":"article","og_title":"La Terrasse Solaire - Vivre le Cadran Solaire","og_description":"En toutes saisons, il est \u00e9galement possible de d\u00e9couvrir le Cadran en ext\u00e9rieur, en prenant place sur sa terrasse solarium ...","og_url":"https:\/\/www.cadransolaire.it\/fr\/take-away\/","og_site_name":"Cadran Solaire","article_modified_time":"2025-12-02T07:15:56+00:00","twitter_card":"summary_large_image","twitter_misc":{"Dur\u00e9e de lecture estim\u00e9e":"5 minutes"},"schema":{"@context":"https:\/\/schema.org","@graph":[{"@type":"WebPage","@id":"https:\/\/www.cadransolaire.it\/fr\/take-away\/","url":"https:\/\/www.cadransolaire.it\/fr\/take-away\/","name":"La Terrasse Solaire - Vivre le Cadran Solaire","isPartOf":{"@id":"https:\/\/www.cadransolaire.it\/fr\/#website"},"datePublished":"2025-11-21T14:07:53+00:00","dateModified":"2025-12-02T07:15:56+00:00","description":"En toutes saisons, il est \u00e9galement possible de d\u00e9couvrir le Cadran en ext\u00e9rieur, en prenant place sur sa terrasse solarium ...","breadcrumb":{"@id":"https:\/\/www.cadransolaire.it\/fr\/take-away\/#breadcrumb"},"inLanguage":"fr-FR","potentialAction":[{"@type":"ReadAction","target":["https:\/\/www.cadransolaire.it\/fr\/take-away\/"]}]},{"@type":"BreadcrumbList","@id":"https:\/\/www.cadransolaire.it\/fr\/take-away\/#breadcrumb","itemListElement":[{"@type":"ListItem","position":1,"name":"Home","item":"https:\/\/www.cadransolaire.it\/fr\/"},{"@type":"ListItem","position":2,"name":"Take away"}]},{"@type":"WebSite","@id":"https:\/\/www.cadransolaire.it\/fr\/#website","url":"https:\/\/www.cadransolaire.it\/fr\/","name":"Cadran Solaire","description":"Ristorante a Courmayeur","potentialAction":[{"@type":"SearchAction","target":{"@type":"EntryPoint","urlTemplate":"https:\/\/www.cadransolaire.it\/fr\/?s={search_term_string}"},"query-input":{"@type":"PropertyValueSpecification","valueRequired":true,"valueName":"search_term_string"}}],"inLanguage":"fr-FR"}]}},"_links":{"self":[{"href":"https:\/\/www.cadransolaire.it\/fr\/wp-json\/wp\/v2\/pages\/3291","targetHints":{"allow":["GET"]}}],"collection":[{"href":"https:\/\/www.cadransolaire.it\/fr\/wp-json\/wp\/v2\/pages"}],"about":[{"href":"https:\/\/www.cadransolaire.it\/fr\/wp-json\/wp\/v2\/types\/page"}],"author":[{"embeddable":true,"href":"https:\/\/www.cadransolaire.it\/fr\/wp-json\/wp\/v2\/users\/1"}],"replies":[{"embeddable":true,"href":"https:\/\/www.cadransolaire.it\/fr\/wp-json\/wp\/v2\/comments?post=3291"}],"version-history":[{"count":4,"href":"https:\/\/www.cadransolaire.it\/fr\/wp-json\/wp\/v2\/pages\/3291\/revisions"}],"predecessor-version":[{"id":3391,"href":"https:\/\/www.cadransolaire.it\/fr\/wp-json\/wp\/v2\/pages\/3291\/revisions\/3391"}],"wp:attachment":[{"href":"https:\/\/www.cadransolaire.it\/fr\/wp-json\/wp\/v2\/media?parent=3291"}],"curies":[{"name":"wp","href":"https:\/\/api.w.org\/{rel}","templated":true}]}}