{"id":1440,"date":"2021-08-23T14:47:24","date_gmt":"2021-08-23T12:47:24","guid":{"rendered":"https:\/\/www.cadransolaire.it\/cadran-etiquette\/"},"modified":"2022-10-14T11:02:32","modified_gmt":"2022-10-14T09:02:32","slug":"cadran-etiquette","status":"publish","type":"page","link":"https:\/\/www.cadransolaire.it\/fr\/cadran-etiquette\/","title":{"rendered":"Cadran \u00e9tiquette"},"content":{"rendered":"<p>[et_pb_section fb_built=&#8221;1&#8243; custom_padding_last_edited=&#8221;on|tablet&#8221; _builder_version=&#8221;4.16&#8243; _module_preset=&#8221;default&#8221; background_color=&#8221;#faf0ee&#8221; custom_padding=&#8221;100px||100px||false|&#8221; custom_padding_tablet=&#8221;50px||||false|false&#8221; custom_padding_phone=&#8221;&#8221; global_colors_info=&#8221;{}&#8221;][et_pb_row column_structure=&#8221;1_2,1_2&#8243; _builder_version=&#8221;4.16&#8243; _module_preset=&#8221;default&#8221; custom_padding=&#8221;0px||0px||true|&#8221; global_colors_info=&#8221;{}&#8221;][et_pb_column type=&#8221;1_2&#8243; _builder_version=&#8221;4.16&#8243; _module_preset=&#8221;default&#8221; global_colors_info=&#8221;{}&#8221;][et_pb_text admin_label=&#8221;La tradizione in &#8230;&#8221; _builder_version=&#8221;4.16&#8243; _module_preset=&#8221;default&#8221; text_text_color=&#8221;#FFFFFF&#8221; header_2_text_color=&#8221;#FFFFFF&#8221; background_enable_color=&#8221;off&#8221; custom_margin=&#8221;||||false|false&#8221; global_colors_info=&#8221;{}&#8221;]<\/p>\n<h1 style=\"text-align: left;\">Cadran<br \/>\u00e9tiquette<\/h1>\n<p>[\/et_pb_text][et_pb_text admin_label=&#8221;La Valle d&#8217;Aosta &#8230;&#8221; _builder_version=&#8221;4.16&#8243; _module_preset=&#8221;default&#8221; custom_margin=&#8221;||27px|||&#8221; global_colors_info=&#8221;{}&#8221;]<\/p>\n<h3 style=\"text-align: left;\">Ici, au Cadran, nous souhaitons que nos h\u00f4tes se sentent bien comme \u00e0 la maison. C\u2019est la raison pour laquelle nous avons pour vous toutes les attentions et vous offrons des services qui ont \u00e9t\u00e9 con\u00e7us pour rendre votre exp\u00e9rience au Cadran la plus agr\u00e9able possible.<\/h3>\n<h3 style=\"text-align: left;\">Pour toute information compl\u00e9mentaire, nous restons \u00e0 votre disposition par t\u00e9l\u00e9phone ou par courriel.<\/h3>\n<p>[\/et_pb_text][et_pb_text _builder_version=&#8221;4.16&#8243; _module_preset=&#8221;default&#8221; max_width=&#8221;400px&#8221; module_alignment=&#8221;left&#8221; custom_margin=&#8221;||75px||false|false&#8221; global_colors_info=&#8221;{}&#8221;]<\/p>\n<ul>\n<li>Les chiens pesant moins de 25 kg sont les bienvenus.<\/li>\n<li>Le Cadran est accessible aux PMR.<\/li>\n<li>Notre carte comprend des plats v\u00e9g\u00e9taliens et sans gluten.<\/li>\n<li>Nous proposons une carte \u00e9labor\u00e9e sp\u00e9cifiquement pour les enfants.<\/li>\n<li>Il est possible, sur demande, de privatiser les salles du Cadran pour vos \u00e9v\u00e8nements.<\/li>\n<li>Nous acceptons les cartes de cr\u00e9dit.<\/li>\n<li>Nous offrons une connexion Wi-Fi.<\/li>\n<\/ul>\n<p>[\/et_pb_text][\/et_pb_column][et_pb_column type=&#8221;1_2&#8243; _builder_version=&#8221;4.16&#8243; _module_preset=&#8221;default&#8221; global_colors_info=&#8221;{}&#8221;][et_pb_image src=&#8221;http:\/\/cadransolaire.it\/wp-content\/uploads\/2021\/06\/cadran-etiquette.jpg&#8221; alt=&#8221;Cadran \u00e9tiquette &#8211; Cadran Solaire&#8221; title_text=&#8221;Cadran \u00e9tiquette &#8211; Cadran Solaire&#8221; _builder_version=&#8221;4.16&#8243; _module_preset=&#8221;default&#8221; custom_margin=&#8221;||50px||false|false&#8221; global_colors_info=&#8221;{}&#8221;][\/et_pb_image][\/et_pb_column][\/et_pb_row][\/et_pb_section][et_pb_section fb_built=&#8221;1&#8243; _builder_version=&#8221;4.16&#8243; _module_preset=&#8221;default&#8221; background_color=&#8221;#a56441&#8243; custom_padding=&#8221;100px||100px||true|false&#8221; global_colors_info=&#8221;{}&#8221;][et_pb_row _builder_version=&#8221;4.16&#8243; _module_preset=&#8221;default&#8221; max_width=&#8221;1000px&#8221; module_alignment=&#8221;center&#8221; custom_margin=&#8221;0px||0px||false|false&#8221; custom_padding=&#8221;0px||0px||false|false&#8221; global_colors_info=&#8221;{}&#8221;][et_pb_column type=&#8221;4_4&#8243; _builder_version=&#8221;4.16&#8243; _module_preset=&#8221;default&#8221; custom_padding=&#8221;0px||0px||false|false&#8221; global_colors_info=&#8221;{}&#8221;][et_pb_image src=&#8221;http:\/\/cadransolaire.it\/wp-content\/uploads\/2021\/04\/cornicetta.png&#8221; alt=&#8221;Cadran Solaire &#8211; Courmayeur&#8221; title_text=&#8221;Cadran Solaire &#8211; Courmayeur&#8221; align=&#8221;center&#8221; _builder_version=&#8221;4.16&#8243; _module_preset=&#8221;default&#8221; transform_rotate=&#8221;0deg|0deg|180deg&#8221; custom_margin=&#8221;||35px||false|false&#8221; global_colors_info=&#8221;{}&#8221;][\/et_pb_image][et_pb_text admin_label=&#8221;Prenota un pranzo &#8230;&#8221; _builder_version=&#8221;4.16&#8243; _module_preset=&#8221;default&#8221; text_text_color=&#8221;#FFFFFF&#8221; header_2_text_color=&#8221;#FFFFFF&#8221; background_enable_color=&#8221;off&#8221; custom_margin=&#8221;||0px||false|false&#8221; global_colors_info=&#8221;{}&#8221;]<\/p>\n<h2 style=\"text-align: center;\">R\u00e9server un d\u00e9jeuner ou un d\u00eener<\/h2>\n<p>[\/et_pb_text][et_pb_button button_url=&#8221;https:\/\/cadransolaire.plateform.app\/&#8221; button_text=&#8221;r\u00e9server&#8221; button_alignment=&#8221;center&#8221; module_id=&#8221;bottone2&#8243; module_class=&#8221;bottone2&#8243; _builder_version=&#8221;4.18.0&#8243; _module_preset=&#8221;default&#8221; custom_button=&#8221;on&#8221; button_text_color=&#8221;#FFFFFF&#8221; custom_margin=&#8221;15px||50px||false|false&#8221; hover_enabled=&#8221;0&#8243; locked=&#8221;off&#8221; global_colors_info=&#8221;{}&#8221; url_new_window=&#8221;on&#8221; sticky_enabled=&#8221;0&#8243;][\/et_pb_button][et_pb_image src=&#8221;http:\/\/cadransolaire.it\/wp-content\/uploads\/2021\/04\/cornicetta.png&#8221; alt=&#8221;Cadran Solaire &#8211; Courmayeur&#8221; title_text=&#8221;Cadran Solaire &#8211; Courmayeur&#8221; align=&#8221;center&#8221; _builder_version=&#8221;4.16&#8243; _module_preset=&#8221;default&#8221; global_colors_info=&#8221;{}&#8221;][\/et_pb_image][\/et_pb_column][\/et_pb_row][\/et_pb_section][et_pb_section fb_built=&#8221;1&#8243; disabled_on=&#8221;off|on|on&#8221; _builder_version=&#8221;4.16&#8243; _module_preset=&#8221;default&#8221; background_color=&#8221;#503418&#8243; positioning=&#8221;fixed&#8221; position_origin_f=&#8221;bottom_center&#8221; z_index=&#8221;999999&#8243; custom_padding=&#8221;0px||0px||true|&#8221; global_module=&#8221;883&#8243; saved_tabs=&#8221;all&#8221; global_colors_info=&#8221;{}&#8221;][et_pb_row use_custom_gutter=&#8221;on&#8221; gutter_width=&#8221;2&#8243; make_equal=&#8221;on&#8221; module_class=&#8221;six-columns&#8221; _builder_version=&#8221;4.16&#8243; _module_preset=&#8221;default&#8221; width=&#8221;90%&#8221; max_width=&#8221;2560px&#8221; custom_padding=&#8221;15px||15px||true|false&#8221; global_colors_info=&#8221;{}&#8221;][et_pb_column type=&#8221;4_4&#8243; _builder_version=&#8221;4.16&#8243; _module_preset=&#8221;default&#8221; global_colors_info=&#8221;{}&#8221;][et_pb_blurb disabled_on=&#8221;off|off|off&#8221; _builder_version=&#8221;4.18.0&#8243; _module_preset=&#8221;default&#8221; body_text_color=&#8221;#FFFFFF&#8221; custom_margin=&#8221;||0px||false|false&#8221; link_option_url=&#8221;https:\/\/cadransolaire.plateform.app\/welcome&#8221; link_option_url_new_window=&#8221;on&#8221; custom_css_blurb_image=&#8221;margin-bottom: 5px;&#8221; global_colors_info=&#8221;{}&#8221;]<\/p>\n<p style=\"text-align: center;\">BOOK<\/p>\n<p>[\/et_pb_blurb][et_pb_blurb _builder_version=&#8221;4.16&#8243; _module_preset=&#8221;default&#8221; body_text_color=&#8221;#FFFFFF&#8221; custom_margin=&#8221;||0px||false|false&#8221; link_option_url=&#8221;tel:+390165844609&#8243; custom_css_blurb_image=&#8221;margin-bottom: 5px;&#8221; global_colors_info=&#8221;{}&#8221;]<\/p>\n<p style=\"text-align: center;\">PHONE<\/p>\n<p>[\/et_pb_blurb][\/et_pb_column][\/et_pb_row][\/et_pb_section]<\/p>\n","protected":false},"excerpt":{"rendered":"<p>Cadran\u00e9tiquetteIci, au Cadran, nous souhaitons que nos h\u00f4tes se sentent bien comme \u00e0 la maison. C\u2019est la raison pour laquelle nous avons pour vous toutes les attentions et vous offrons des services qui ont \u00e9t\u00e9 con\u00e7us pour rendre votre exp\u00e9rience au Cadran la plus agr\u00e9able possible. Pour toute information compl\u00e9mentaire, nous restons \u00e0 votre disposition [&hellip;]<\/p>\n","protected":false},"author":1,"featured_media":0,"parent":0,"menu_order":0,"comment_status":"closed","ping_status":"closed","template":"","meta":{"_et_pb_use_builder":"on","_et_pb_old_content":"","_et_gb_content_width":"","footnotes":""},"class_list":["post-1440","page","type-page","status-publish","hentry"],"yoast_head":"<!-- This site is optimized with the Yoast SEO plugin v27.3 - https:\/\/yoast.com\/product\/yoast-seo-wordpress\/ -->\n<title>Cadran \u00e9tiquette - Courmayeur, Vall\u00e9e d&#039;Aoste<\/title>\n<meta name=\"description\" content=\"Ici, au Cadran, nous souhaitons que nos h\u00f4tes se sentent bien comme \u00e0 la maison. C\u2019est la raison pour laquelle nous avons ...\" \/>\n<meta name=\"robots\" content=\"index, follow, max-snippet:-1, max-image-preview:large, max-video-preview:-1\" \/>\n<link rel=\"canonical\" href=\"https:\/\/www.cadransolaire.it\/fr\/cadran-etiquette\/\" \/>\n<meta property=\"og:locale\" content=\"fr_FR\" \/>\n<meta property=\"og:type\" content=\"article\" \/>\n<meta property=\"og:title\" content=\"Cadran \u00e9tiquette - Courmayeur, Vall\u00e9e d&#039;Aoste\" \/>\n<meta property=\"og:description\" content=\"Ici, au Cadran, nous souhaitons que nos h\u00f4tes se sentent bien comme \u00e0 la maison. C\u2019est la raison pour laquelle nous avons ...\" \/>\n<meta property=\"og:url\" content=\"https:\/\/www.cadransolaire.it\/fr\/cadran-etiquette\/\" \/>\n<meta property=\"og:site_name\" content=\"Cadran Solaire\" \/>\n<meta property=\"article:modified_time\" content=\"2022-10-14T09:02:32+00:00\" \/>\n<meta name=\"twitter:card\" content=\"summary_large_image\" \/>\n<meta name=\"twitter:label1\" content=\"Dur\u00e9e de lecture estim\u00e9e\" \/>\n\t<meta name=\"twitter:data1\" content=\"4 minutes\" \/>\n<script type=\"application\/ld+json\" class=\"yoast-schema-graph\">{\"@context\":\"https:\\\/\\\/schema.org\",\"@graph\":[{\"@type\":\"WebPage\",\"@id\":\"https:\\\/\\\/www.cadransolaire.it\\\/fr\\\/cadran-etiquette\\\/\",\"url\":\"https:\\\/\\\/www.cadransolaire.it\\\/fr\\\/cadran-etiquette\\\/\",\"name\":\"Cadran \u00e9tiquette - Courmayeur, Vall\u00e9e d'Aoste\",\"isPartOf\":{\"@id\":\"https:\\\/\\\/www.cadransolaire.it\\\/fr\\\/#website\"},\"datePublished\":\"2021-08-23T12:47:24+00:00\",\"dateModified\":\"2022-10-14T09:02:32+00:00\",\"description\":\"Ici, au Cadran, nous souhaitons que nos h\u00f4tes se sentent bien comme \u00e0 la maison. C\u2019est la raison pour laquelle nous avons ...\",\"breadcrumb\":{\"@id\":\"https:\\\/\\\/www.cadransolaire.it\\\/fr\\\/cadran-etiquette\\\/#breadcrumb\"},\"inLanguage\":\"fr-FR\",\"potentialAction\":[{\"@type\":\"ReadAction\",\"target\":[\"https:\\\/\\\/www.cadransolaire.it\\\/fr\\\/cadran-etiquette\\\/\"]}]},{\"@type\":\"BreadcrumbList\",\"@id\":\"https:\\\/\\\/www.cadransolaire.it\\\/fr\\\/cadran-etiquette\\\/#breadcrumb\",\"itemListElement\":[{\"@type\":\"ListItem\",\"position\":1,\"name\":\"Home\",\"item\":\"https:\\\/\\\/www.cadransolaire.it\\\/fr\\\/\"},{\"@type\":\"ListItem\",\"position\":2,\"name\":\"Cadran \u00e9tiquette\"}]},{\"@type\":\"WebSite\",\"@id\":\"https:\\\/\\\/www.cadransolaire.it\\\/fr\\\/#website\",\"url\":\"https:\\\/\\\/www.cadransolaire.it\\\/fr\\\/\",\"name\":\"Cadran Solaire\",\"description\":\"Ristorante a Courmayeur\",\"potentialAction\":[{\"@type\":\"SearchAction\",\"target\":{\"@type\":\"EntryPoint\",\"urlTemplate\":\"https:\\\/\\\/www.cadransolaire.it\\\/fr\\\/?s={search_term_string}\"},\"query-input\":{\"@type\":\"PropertyValueSpecification\",\"valueRequired\":true,\"valueName\":\"search_term_string\"}}],\"inLanguage\":\"fr-FR\"}]}<\/script>\n<!-- \/ Yoast SEO plugin. -->","yoast_head_json":{"title":"Cadran \u00e9tiquette - Courmayeur, Vall\u00e9e d'Aoste","description":"Ici, au Cadran, nous souhaitons que nos h\u00f4tes se sentent bien comme \u00e0 la maison. C\u2019est la raison pour laquelle nous avons ...","robots":{"index":"index","follow":"follow","max-snippet":"max-snippet:-1","max-image-preview":"max-image-preview:large","max-video-preview":"max-video-preview:-1"},"canonical":"https:\/\/www.cadransolaire.it\/fr\/cadran-etiquette\/","og_locale":"fr_FR","og_type":"article","og_title":"Cadran \u00e9tiquette - Courmayeur, Vall\u00e9e d'Aoste","og_description":"Ici, au Cadran, nous souhaitons que nos h\u00f4tes se sentent bien comme \u00e0 la maison. C\u2019est la raison pour laquelle nous avons ...","og_url":"https:\/\/www.cadransolaire.it\/fr\/cadran-etiquette\/","og_site_name":"Cadran Solaire","article_modified_time":"2022-10-14T09:02:32+00:00","twitter_card":"summary_large_image","twitter_misc":{"Dur\u00e9e de lecture estim\u00e9e":"4 minutes"},"schema":{"@context":"https:\/\/schema.org","@graph":[{"@type":"WebPage","@id":"https:\/\/www.cadransolaire.it\/fr\/cadran-etiquette\/","url":"https:\/\/www.cadransolaire.it\/fr\/cadran-etiquette\/","name":"Cadran \u00e9tiquette - Courmayeur, Vall\u00e9e d'Aoste","isPartOf":{"@id":"https:\/\/www.cadransolaire.it\/fr\/#website"},"datePublished":"2021-08-23T12:47:24+00:00","dateModified":"2022-10-14T09:02:32+00:00","description":"Ici, au Cadran, nous souhaitons que nos h\u00f4tes se sentent bien comme \u00e0 la maison. C\u2019est la raison pour laquelle nous avons ...","breadcrumb":{"@id":"https:\/\/www.cadransolaire.it\/fr\/cadran-etiquette\/#breadcrumb"},"inLanguage":"fr-FR","potentialAction":[{"@type":"ReadAction","target":["https:\/\/www.cadransolaire.it\/fr\/cadran-etiquette\/"]}]},{"@type":"BreadcrumbList","@id":"https:\/\/www.cadransolaire.it\/fr\/cadran-etiquette\/#breadcrumb","itemListElement":[{"@type":"ListItem","position":1,"name":"Home","item":"https:\/\/www.cadransolaire.it\/fr\/"},{"@type":"ListItem","position":2,"name":"Cadran \u00e9tiquette"}]},{"@type":"WebSite","@id":"https:\/\/www.cadransolaire.it\/fr\/#website","url":"https:\/\/www.cadransolaire.it\/fr\/","name":"Cadran Solaire","description":"Ristorante a Courmayeur","potentialAction":[{"@type":"SearchAction","target":{"@type":"EntryPoint","urlTemplate":"https:\/\/www.cadransolaire.it\/fr\/?s={search_term_string}"},"query-input":{"@type":"PropertyValueSpecification","valueRequired":true,"valueName":"search_term_string"}}],"inLanguage":"fr-FR"}]}},"_links":{"self":[{"href":"https:\/\/www.cadransolaire.it\/fr\/wp-json\/wp\/v2\/pages\/1440","targetHints":{"allow":["GET"]}}],"collection":[{"href":"https:\/\/www.cadransolaire.it\/fr\/wp-json\/wp\/v2\/pages"}],"about":[{"href":"https:\/\/www.cadransolaire.it\/fr\/wp-json\/wp\/v2\/types\/page"}],"author":[{"embeddable":true,"href":"https:\/\/www.cadransolaire.it\/fr\/wp-json\/wp\/v2\/users\/1"}],"replies":[{"embeddable":true,"href":"https:\/\/www.cadransolaire.it\/fr\/wp-json\/wp\/v2\/comments?post=1440"}],"version-history":[{"count":4,"href":"https:\/\/www.cadransolaire.it\/fr\/wp-json\/wp\/v2\/pages\/1440\/revisions"}],"predecessor-version":[{"id":2645,"href":"https:\/\/www.cadransolaire.it\/fr\/wp-json\/wp\/v2\/pages\/1440\/revisions\/2645"}],"wp:attachment":[{"href":"https:\/\/www.cadransolaire.it\/fr\/wp-json\/wp\/v2\/media?parent=1440"}],"curies":[{"name":"wp","href":"https:\/\/api.w.org\/{rel}","templated":true}]}}