{"id":1437,"date":"2021-08-23T14:45:42","date_gmt":"2021-08-23T12:45:42","guid":{"rendered":"https:\/\/www.cadransolaire.it\/histoire\/"},"modified":"2021-09-01T08:04:50","modified_gmt":"2021-09-01T06:04:50","slug":"histoire","status":"publish","type":"page","link":"https:\/\/www.cadransolaire.it\/fr\/histoire\/","title":{"rendered":"Histoire"},"content":{"rendered":"<p>[et_pb_section fb_built=&#8221;1&#8243; custom_padding_last_edited=&#8221;on|tablet&#8221; _builder_version=&#8221;4.9.4&#8243; _module_preset=&#8221;default&#8221; background_color=&#8221;#fdfaf5&#8243; custom_padding=&#8221;100px||300px||false|&#8221; custom_padding_tablet=&#8221;50px||||false|false&#8221; custom_padding_phone=&#8221;&#8221;][et_pb_row column_structure=&#8221;3_5,2_5&#8243; _builder_version=&#8221;4.9.4&#8243; _module_preset=&#8221;default&#8221; custom_padding=&#8221;0px||0px||true|&#8221;][et_pb_column type=&#8221;3_5&#8243; _builder_version=&#8221;4.9.4&#8243; _module_preset=&#8221;default&#8221;][et_pb_text admin_label=&#8221;La Storia&#8221; _builder_version=&#8221;4.9.4&#8243; _module_preset=&#8221;default&#8221; text_text_color=&#8221;#FFFFFF&#8221; header_2_text_color=&#8221;#FFFFFF&#8221; background_enable_color=&#8221;off&#8221; custom_margin=&#8221;||||false|false&#8221;]<\/p>\n<h1 style=\"text-align: center;\">Histoire<\/h1>\n<p>[\/et_pb_text][et_pb_image src=&#8221;http:\/\/cadransolaire.it\/wp-content\/uploads\/2021\/04\/storia-quadri.png&#8221; alt=&#8221;L&#8217;histoire &#8211; Cadran Solaire&#8221; title_text=&#8221;L&#8217;histoire &#8211; Cadran Solaire&#8221; _builder_version=&#8221;4.9.7&#8243; _module_preset=&#8221;default&#8221; max_width=&#8221;500px&#8221; module_alignment=&#8221;center&#8221;][\/et_pb_image][\/et_pb_column][et_pb_column type=&#8221;2_5&#8243; _builder_version=&#8221;4.9.4&#8243; _module_preset=&#8221;default&#8221;][et_pb_text admin_label=&#8221;Famiglia Garin &#8230;&#8221; _builder_version=&#8221;4.9.4&#8243; _module_preset=&#8221;default&#8221;]<\/p>\n<h3>Famille Garin:<br \/>L\u2019hospitalit\u00e9 u pied du mont Blanc<br \/>depuis un demi-si\u00e8cle<\/h3>\n<p>[\/et_pb_text][et_pb_text _builder_version=&#8221;4.9.4&#8243; _module_preset=&#8221;default&#8221;]<\/p>\n<p>L\u2019histoire de l\u2019hospitalit\u00e9 de la Famille Garin trouve ses origines dans les ann\u00e9es 1950, lorsque les grands-parents d\u2019Alessandra Garin ont repris la Locanda Belvedere dans le Val Ferret et par la suite La Brenva \u00e0 Entr\u00e8ves.<\/p>\n<p>L\u00e9o Garin, le p\u00e8re d\u2019Alessandra, l\u2019une des figures embl\u00e9matiques du tourisme dans la Vall\u00e9e d\u2019Aoste, participe activement \u00e0 la conduite des activit\u00e9s, jusque dans les ann\u00e9es 1960 lorsqu\u2019il fonde, dans ce qui \u00e9tait la maison de son p\u00e8re, le restaurant \u00ab\u00a0La Maison de Filippo\u00a0\u00bb. Cet \u00e9tablissement deviendra l\u2019un des plus c\u00e9l\u00e8bres et renomm\u00e9s de la Vall\u00e9e d\u2019Aoste, \u00e9toil\u00e9 Michelin et lieu de rendez-vous de tous les grands protagonistes du tourisme \u00e0 Courmayeur, des acteurs aux hommes politiques, jusqu\u2019aux personnes occupant les plus hautes fonctions de l\u2019\u00c9tat, tant en Italie qu\u2019en France.<\/p>\n<p>[\/et_pb_text][et_pb_image src=&#8221;http:\/\/cadransolaire.it\/wp-content\/uploads\/2021\/06\/firme_famille.png&#8221; alt=&#8221;Famille Garin &#8211; Cadran Solaire&#8221; title_text=&#8221;Firme Famille&#8221; _builder_version=&#8221;4.9.7&#8243; _module_preset=&#8221;default&#8221; max_width=&#8221;300px&#8221; module_alignment=&#8221;center&#8221; animation_style=&#8221;slide&#8221; animation_direction=&#8221;left&#8221;][\/et_pb_image][\/et_pb_column][\/et_pb_row][\/et_pb_section][et_pb_section fb_built=&#8221;1&#8243; _builder_version=&#8221;4.9.4&#8243; _module_preset=&#8221;default&#8221; custom_margin=&#8221;||||false|false&#8221; custom_padding=&#8221;0px||100px||false|false&#8221;][et_pb_row column_structure=&#8221;1_2,1_2&#8243; _builder_version=&#8221;4.9.4&#8243; _module_preset=&#8221;default&#8221; transform_translate_linked=&#8221;off&#8221; custom_padding=&#8221;0px||0px||true|&#8221;][et_pb_column type=&#8221;1_2&#8243; _builder_version=&#8221;4.9.4&#8243; _module_preset=&#8221;default&#8221; transform_translate=&#8221;0px|-200px&#8221; transform_translate_linked=&#8221;off&#8221;][et_pb_image src=&#8221;http:\/\/cadransolaire.it\/wp-content\/uploads\/2021\/05\/cadran-solaire-la-storia-1.jpg&#8221; alt=&#8221;L&#8217;histoire &#8211; Cadran Solaire&#8221; title_text=&#8221;L&#8217;histoire &#8211; Cadran Solaire&#8221; show_in_lightbox=&#8221;on&#8221; align=&#8221;center&#8221; _builder_version=&#8221;4.9.7&#8243; _module_preset=&#8221;default&#8221; max_width=&#8221;400px&#8221; module_alignment=&#8221;center&#8221; custom_margin=&#8221;||50px|||&#8221;][\/et_pb_image][et_pb_text admin_label=&#8221;%22Piccole forme di arte &#8230;&#8221; _builder_version=&#8221;4.9.4&#8243; _module_preset=&#8221;default&#8221; max_width=&#8221;400px&#8221; module_alignment=&#8221;center&#8221;]<\/p>\n<h3 style=\"text-align: center;\">\u00ab\u00a0Les arts du quotidien<br \/>\ntrouvent leur place, depuis plus d\u2019un demi-si\u00e8cle,<br \/>\ndans les \u00e9tablissements de notre famille<br \/>\no\u00f9 l\u2019hospitalit\u00e9 est reine<br \/>\net le confort omnipr\u00e9sent.\u00a0\u00bb<\/h3>\n<p>[\/et_pb_text][et_pb_image src=&#8221;https:\/\/www.cadransolaire.it\/wp-content\/uploads\/2021\/09\/firma_alessandra_fra.png&#8221; alt=&#8221;Alessandra &#8211; Cadran Solaire&#8221; title_text=&#8221;Firma Alessandra Fra&#8221; _builder_version=&#8221;4.9.7&#8243; _module_preset=&#8221;default&#8221; max_width=&#8221;300px&#8221; module_alignment=&#8221;center&#8221; animation_style=&#8221;slide&#8221; animation_direction=&#8221;left&#8221; hover_enabled=&#8221;0&#8243; sticky_enabled=&#8221;0&#8243;][\/et_pb_image][\/et_pb_column][et_pb_column type=&#8221;1_2&#8243; _builder_version=&#8221;4.9.4&#8243; _module_preset=&#8221;default&#8221; transform_translate=&#8221;0px|-100px&#8221; transform_translate_linked=&#8221;off&#8221;][et_pb_image src=&#8221;http:\/\/cadransolaire.it\/wp-content\/uploads\/2021\/05\/cadran-solaire-la-storia-2.jpg&#8221; alt=&#8221;L&#8217;histoire &#8211; Cadran Solaire&#8221; title_text=&#8221;L&#8217;histoire &#8211; Cadran Solaire&#8221; show_in_lightbox=&#8221;on&#8221; align=&#8221;right&#8221; _builder_version=&#8221;4.9.7&#8243; _module_preset=&#8221;default&#8221; max_width=&#8221;500px&#8221; custom_margin=&#8221;||100px|||&#8221;][\/et_pb_image][et_pb_text admin_label=&#8221;1985&#8243; _builder_version=&#8221;4.9.4&#8243; _module_preset=&#8221;default&#8221; custom_margin=&#8221;||0px||false|false&#8221;]<\/p>\n<h2 style=\"text-align: right;\">1985<\/h2>\n<p>[\/et_pb_text][et_pb_text _builder_version=&#8221;4.9.7&#8243; _module_preset=&#8221;default&#8221; max_width=&#8221;350px&#8221; module_alignment=&#8221;right&#8221; custom_margin=&#8221;||50px||false|false&#8221;]<\/p>\n<p style=\"text-align: right;\">En 1985, L\u00e9o et Patrizia Garin ach\u00e8tent le Cadran Solaire. \u00ab\u00a0L\u2019ancien pressoir\u00a0\u00bb, c\u2019est ainsi que l\u2019on appelait ce lieu \u00e0 l\u2019\u00e9poque, \u00e9tait une sorte de bar-discoth\u00e8que que L\u00e9o et Patrizia ont r\u00e9nov\u00e9 et r\u00e9am\u00e9nag\u00e9.<\/p>\n<p>[\/et_pb_text][\/et_pb_column][\/et_pb_row][et_pb_row column_structure=&#8221;1_2,1_2&#8243; _builder_version=&#8221;4.9.4&#8243; _module_preset=&#8221;default&#8221; transform_translate=&#8221;0px|-100px&#8221; transform_translate_linked=&#8221;off&#8221; custom_margin=&#8221;|auto|100px|auto|false|false&#8221; custom_padding=&#8221;0px||0px||true|&#8221;][et_pb_column type=&#8221;1_2&#8243; _builder_version=&#8221;4.9.4&#8243; _module_preset=&#8221;default&#8221;][et_pb_text admin_label=&#8221;1996&#8243; _builder_version=&#8221;4.9.4&#8243; _module_preset=&#8221;default&#8221; custom_margin=&#8221;||0px||false|false&#8221;]<\/p>\n<h2 style=\"text-align: left;\">1996<\/h2>\n<p>[\/et_pb_text][et_pb_text _builder_version=&#8221;4.9.4&#8243; _module_preset=&#8221;default&#8221; max_width=&#8221;450px&#8221; module_alignment=&#8221;left&#8221;]<\/p>\n<p style=\"text-align: left;\">En 1996, L\u00e9o Garin, collectionneur passionn\u00e9 de meubles anciens, objets d\u2019art, mobilier et objets de montagne, cr\u00e9e l\u2019Auberge de la Maison, juste en face de la Maison de Filippo, au c\u0153ur m\u00eame d\u2019Entr\u00e8ves. La passion de L\u00e9o pour la collection d\u2019objets de montagne et le go\u00fbt inn\u00e9 de la m\u00e8re d\u2019Alessandra, Patrizia, pour les meubles, font de l\u2019Auberge une maison tr\u00e8s accueillante qui n\u2019a pas d\u2019\u00e9quivalent parmi tous les h\u00f4tels de montagne du massif du Mont-Blanc.<\/p>\n<p>[\/et_pb_text][\/et_pb_column][et_pb_column type=&#8221;1_2&#8243; _builder_version=&#8221;4.9.4&#8243; _module_preset=&#8221;default&#8221;][et_pb_image src=&#8221;http:\/\/cadransolaire.it\/wp-content\/uploads\/2021\/06\/cadran-solaire-la-storia-1.jpg&#8221; alt=&#8221;L&#8217;histoire &#8211; Cadran Solaire&#8221; title_text=&#8221;L&#8217;histoire &#8211; Cadran Solaire&#8221; show_in_lightbox=&#8221;on&#8221; align=&#8221;right&#8221; _builder_version=&#8221;4.9.7&#8243; _module_preset=&#8221;default&#8221; max_width=&#8221;500px&#8221; custom_margin=&#8221;||||false|false&#8221;][\/et_pb_image][\/et_pb_column][\/et_pb_row][et_pb_row column_structure=&#8221;1_2,1_2&#8243; use_custom_gutter=&#8221;on&#8221; gutter_width=&#8221;2&#8243; _builder_version=&#8221;4.9.4&#8243; _module_preset=&#8221;default&#8221; transform_translate=&#8221;0px|-100px&#8221; transform_translate_linked=&#8221;off&#8221; custom_padding=&#8221;0px||0px||true|&#8221;][et_pb_column type=&#8221;1_2&#8243; _builder_version=&#8221;4.9.4&#8243; _module_preset=&#8221;default&#8221;][et_pb_image src=&#8221;http:\/\/cadransolaire.it\/wp-content\/uploads\/2021\/05\/cadran-solaire-la-storia-4.jpg&#8221; alt=&#8221;L&#8217;histoire &#8211; Cadran Solaire&#8221; title_text=&#8221;L&#8217;histoire &#8211; Cadran Solaire&#8221; show_in_lightbox=&#8221;on&#8221; align=&#8221;center&#8221; _builder_version=&#8221;4.9.7&#8243; _module_preset=&#8221;default&#8221; max_width=&#8221;400px&#8221; custom_margin=&#8221;||||false|false&#8221;][\/et_pb_image][\/et_pb_column][et_pb_column type=&#8221;1_2&#8243; _builder_version=&#8221;4.9.4&#8243; _module_preset=&#8221;default&#8221;][et_pb_text admin_label=&#8221;2004&#8243; _builder_version=&#8221;4.9.4&#8243; _module_preset=&#8221;default&#8221; custom_margin=&#8221;100px||0px||false|false&#8221; custom_margin_tablet=&#8221;0px||||false|false&#8221; custom_margin_phone=&#8221;&#8221; custom_margin_last_edited=&#8221;on|tablet&#8221;]<\/p>\n<h2 style=\"text-align: left;\">2004<\/h2>\n<p>[\/et_pb_text][et_pb_text _builder_version=&#8221;4.9.4&#8243; _module_preset=&#8221;default&#8221; max_width=&#8221;450px&#8221; module_alignment=&#8221;left&#8221;]<\/p>\n<p style=\"text-align: left;\">En 2004, apr\u00e8s avoir termin\u00e9 ses \u00e9tudes \u00e0 l\u2019\u00c9cole h\u00f4teli\u00e8re de Lausanne, Alessandra Garin, la fille de L\u00e9o et Patrizia, reprend l\u2019Auberge. Depuis lors, chaque saison, Alessandra s\u2019occupe de la gestion de l\u2019h\u00f4tel, entreprenant des r\u00e9novations, apportant des id\u00e9es nouvelles et enrichissant le lieu de nouveaux espaces pour le bien-\u00eatre de ses h\u00f4tes.<\/p>\n<p>[\/et_pb_text][\/et_pb_column][\/et_pb_row][et_pb_row column_structure=&#8221;1_3,1_3,1_3&#8243; use_custom_gutter=&#8221;on&#8221; gutter_width=&#8221;2&#8243; _builder_version=&#8221;4.9.4&#8243; _module_preset=&#8221;default&#8221; custom_padding=&#8221;0px||0px||true|&#8221;][et_pb_column type=&#8221;1_3&#8243; _builder_version=&#8221;4.9.4&#8243; _module_preset=&#8221;default&#8221;][et_pb_image src=&#8221;http:\/\/cadransolaire.it\/wp-content\/uploads\/2021\/06\/cadran-solaire-la-storia-10.jpg&#8221; alt=&#8221;L&#8217;histoire &#8211; Cadran Solaire&#8221; title_text=&#8221;L&#8217;histoire &#8211; Cadran Solaire&#8221; align=&#8221;right&#8221; _builder_version=&#8221;4.9.7&#8243; _module_preset=&#8221;default&#8221; custom_margin=&#8221;||||false|false&#8221;][\/et_pb_image][\/et_pb_column][et_pb_column type=&#8221;1_3&#8243; _builder_version=&#8221;4.9.4&#8243; _module_preset=&#8221;default&#8221;][et_pb_image src=&#8221;http:\/\/cadransolaire.it\/wp-content\/uploads\/2021\/05\/cadran-solaire-la-storia-6.jpg&#8221; alt=&#8221;L&#8217;histoire &#8211; Cadran Solaire&#8221; title_text=&#8221;L&#8217;histoire &#8211; Cadran Solaire&#8221; align=&#8221;center&#8221; _builder_version=&#8221;4.9.7&#8243; _module_preset=&#8221;default&#8221; custom_margin=&#8221;||||false|false&#8221;][\/et_pb_image][\/et_pb_column][et_pb_column type=&#8221;1_3&#8243; _builder_version=&#8221;4.9.4&#8243; _module_preset=&#8221;default&#8221;][et_pb_image src=&#8221;http:\/\/cadransolaire.it\/wp-content\/uploads\/2021\/06\/cadran-solaire-la-storia-11.jpg&#8221; alt=&#8221;L&#8217;histoire &#8211; Cadran Solaire&#8221; title_text=&#8221;L&#8217;histoire &#8211; Cadran Solaire&#8221; _builder_version=&#8221;4.9.7&#8243; _module_preset=&#8221;default&#8221; custom_margin=&#8221;||||false|false&#8221;][\/et_pb_image][\/et_pb_column][\/et_pb_row][\/et_pb_section][et_pb_section fb_built=&#8221;1&#8243; _builder_version=&#8221;4.9.4&#8243; _module_preset=&#8221;default&#8221; background_color=&#8221;#a56441&#8243; custom_padding=&#8221;100px||100px||true|false&#8221;][et_pb_row _builder_version=&#8221;4.9.4&#8243; _module_preset=&#8221;default&#8221; max_width=&#8221;1000px&#8221; module_alignment=&#8221;center&#8221; custom_margin=&#8221;0px||0px||false|false&#8221; custom_padding=&#8221;0px||0px||false|false&#8221;][et_pb_column type=&#8221;4_4&#8243; _builder_version=&#8221;4.9.3&#8243; _module_preset=&#8221;default&#8221; custom_padding=&#8221;0px||0px||false|false&#8221;][et_pb_image src=&#8221;http:\/\/cadransolaire.it\/wp-content\/uploads\/2021\/04\/cornicetta.png&#8221; alt=&#8221;Cadran Solaire &#8211; Courmayeur&#8221; title_text=&#8221;Cadran Solaire &#8211; Courmayeur&#8221; align=&#8221;center&#8221; _builder_version=&#8221;4.9.7&#8243; _module_preset=&#8221;default&#8221; transform_rotate=&#8221;0deg|0deg|180deg&#8221; custom_margin=&#8221;||35px||false|false&#8221;][\/et_pb_image][et_pb_text admin_label=&#8221;2021&#8243; _builder_version=&#8221;4.9.4&#8243; _module_preset=&#8221;default&#8221; text_text_color=&#8221;#FFFFFF&#8221; header_2_text_color=&#8221;#FFFFFF&#8221; background_enable_color=&#8221;off&#8221; custom_margin=&#8221;||0px||false|false&#8221;]<\/p>\n<h2 style=\"text-align: center;\">2021<\/h2>\n<p>[\/et_pb_text][et_pb_text _builder_version=&#8221;4.9.4&#8243; _module_preset=&#8221;default&#8221; text_text_color=&#8221;#FFFFFF&#8221; background_enable_color=&#8221;off&#8221; custom_margin=&#8221;||50px||false|false&#8221;]<\/p>\n<p style=\"text-align: center;\">En 2021, \u00e0 l\u2019occasion du 25e anniversaire de l\u2019Auberge de la Maison, Alessandra\u00a0Garin\u00a0et son \u00e9poux Filippo Valdata ont repris la gestion du Cadran Solaire\u00a0qui avait \u00e9t\u00e9 ouvert par L\u00e9o\u00a0en 1985\u00a0et ont entrepris des travaux de r\u00e9novation et de r\u00e9am\u00e9nagement. La tradition d\u2019hospitalit\u00e9 de la Famille Garin\u00a0est donc d\u00e9sormais pr\u00e9sente au centre de Courmayeur.<\/p>\n<p>[\/et_pb_text][et_pb_image src=&#8221;http:\/\/cadransolaire.it\/wp-content\/uploads\/2021\/04\/cornicetta.png&#8221; alt=&#8221;Cadran Solaire &#8211; Courmayeur&#8221; title_text=&#8221;Cadran Solaire &#8211; Courmayeur&#8221; align=&#8221;center&#8221; _builder_version=&#8221;4.9.4&#8243; _module_preset=&#8221;default&#8221;][\/et_pb_image][\/et_pb_column][\/et_pb_row][\/et_pb_section][et_pb_section fb_built=&#8221;1&#8243; disabled_on=&#8221;off|on|on&#8221; _builder_version=&#8221;4.9.4&#8243; _module_preset=&#8221;default&#8221; background_color=&#8221;#503418&#8243; positioning=&#8221;fixed&#8221; position_origin_f=&#8221;bottom_center&#8221; z_index=&#8221;999999&#8243; custom_padding=&#8221;0px||0px||true|&#8221; global_module=&#8221;883&#8243; saved_tabs=&#8221;all&#8221;][et_pb_row use_custom_gutter=&#8221;on&#8221; gutter_width=&#8221;2&#8243; make_equal=&#8221;on&#8221; module_class=&#8221;six-columns&#8221; _builder_version=&#8221;4.9.4&#8243; _module_preset=&#8221;default&#8221; width=&#8221;90%&#8221; max_width=&#8221;2560px&#8221; custom_padding=&#8221;15px||15px||true|false&#8221;][et_pb_column type=&#8221;4_4&#8243; _builder_version=&#8221;4.9.4&#8243; _module_preset=&#8221;default&#8221;][et_pb_blurb disabled_on=&#8221;off|off|off&#8221; _builder_version=&#8221;4.9.7&#8243; _module_preset=&#8221;default&#8221; body_text_color=&#8221;#FFFFFF&#8221; custom_margin=&#8221;||0px||false|false&#8221; link_option_url=&#8221;mailto:info@cadransolaire.it&#8221; custom_css_blurb_image=&#8221;margin-bottom: 5px;&#8221;]<\/p>\n<p style=\"text-align: center;\">R\u00c9SERVEZ<\/p>\n<p>[\/et_pb_blurb][et_pb_blurb _builder_version=&#8221;4.9.7&#8243; _module_preset=&#8221;default&#8221; body_text_color=&#8221;#FFFFFF&#8221; custom_margin=&#8221;||0px||false|false&#8221; link_option_url=&#8221;tel:+390165844609&#8243; custom_css_blurb_image=&#8221;margin-bottom: 5px;&#8221;]<\/p>\n<p style=\"text-align: center;\">APPEL<\/p>\n<p>[\/et_pb_blurb][\/et_pb_column][\/et_pb_row][\/et_pb_section]<\/p>\n","protected":false},"excerpt":{"rendered":"<p>HistoireFamille Garin:L\u2019hospitalit\u00e9 u pied du mont Blancdepuis un demi-si\u00e8cleL\u2019histoire de l\u2019hospitalit\u00e9 de la Famille Garin trouve ses origines dans les ann\u00e9es 1950, lorsque les grands-parents d\u2019Alessandra Garin ont repris la Locanda Belvedere dans le Val Ferret et par la suite La Brenva \u00e0 Entr\u00e8ves. L\u00e9o Garin, le p\u00e8re d\u2019Alessandra, l\u2019une des figures embl\u00e9matiques du tourisme [&hellip;]<\/p>\n","protected":false},"author":1,"featured_media":0,"parent":0,"menu_order":0,"comment_status":"closed","ping_status":"closed","template":"","meta":{"_et_pb_use_builder":"on","_et_pb_old_content":"","_et_gb_content_width":"","footnotes":""},"class_list":["post-1437","page","type-page","status-publish","hentry"],"yoast_head":"<!-- This site is optimized with the Yoast SEO plugin v27.3 - https:\/\/yoast.com\/product\/yoast-seo-wordpress\/ -->\n<title>L&#039;histoire du Cadran: Lhospitalit\u00e9 de la Famille Garin<\/title>\n<meta name=\"description\" content=\"L\u2019histoire de l\u2019hospitalit\u00e9 de la Famille Garin trouve ses origines dans les ann\u00e9es 1950, lorsque les grands-parents d\u2019Alessandra ...\" \/>\n<meta name=\"robots\" content=\"index, follow, max-snippet:-1, max-image-preview:large, max-video-preview:-1\" \/>\n<link rel=\"canonical\" href=\"https:\/\/www.cadransolaire.it\/fr\/histoire\/\" \/>\n<meta property=\"og:locale\" content=\"fr_FR\" \/>\n<meta property=\"og:type\" content=\"article\" \/>\n<meta property=\"og:title\" content=\"L&#039;histoire du Cadran: Lhospitalit\u00e9 de la Famille Garin\" \/>\n<meta property=\"og:description\" content=\"L\u2019histoire de l\u2019hospitalit\u00e9 de la Famille Garin trouve ses origines dans les ann\u00e9es 1950, lorsque les grands-parents d\u2019Alessandra ...\" \/>\n<meta property=\"og:url\" content=\"https:\/\/www.cadransolaire.it\/fr\/histoire\/\" \/>\n<meta property=\"og:site_name\" content=\"Cadran Solaire\" \/>\n<meta property=\"article:modified_time\" content=\"2021-09-01T06:04:50+00:00\" \/>\n<meta name=\"twitter:card\" content=\"summary_large_image\" \/>\n<meta name=\"twitter:label1\" content=\"Dur\u00e9e de lecture estim\u00e9e\" \/>\n\t<meta name=\"twitter:data1\" content=\"9 minutes\" \/>\n<script type=\"application\/ld+json\" class=\"yoast-schema-graph\">{\"@context\":\"https:\\\/\\\/schema.org\",\"@graph\":[{\"@type\":\"WebPage\",\"@id\":\"https:\\\/\\\/www.cadransolaire.it\\\/fr\\\/histoire\\\/\",\"url\":\"https:\\\/\\\/www.cadransolaire.it\\\/fr\\\/histoire\\\/\",\"name\":\"L'histoire du Cadran: Lhospitalit\u00e9 de la Famille Garin\",\"isPartOf\":{\"@id\":\"https:\\\/\\\/www.cadransolaire.it\\\/fr\\\/#website\"},\"datePublished\":\"2021-08-23T12:45:42+00:00\",\"dateModified\":\"2021-09-01T06:04:50+00:00\",\"description\":\"L\u2019histoire de l\u2019hospitalit\u00e9 de la Famille Garin trouve ses origines dans les ann\u00e9es 1950, lorsque les grands-parents d\u2019Alessandra ...\",\"breadcrumb\":{\"@id\":\"https:\\\/\\\/www.cadransolaire.it\\\/fr\\\/histoire\\\/#breadcrumb\"},\"inLanguage\":\"fr-FR\",\"potentialAction\":[{\"@type\":\"ReadAction\",\"target\":[\"https:\\\/\\\/www.cadransolaire.it\\\/fr\\\/histoire\\\/\"]}]},{\"@type\":\"BreadcrumbList\",\"@id\":\"https:\\\/\\\/www.cadransolaire.it\\\/fr\\\/histoire\\\/#breadcrumb\",\"itemListElement\":[{\"@type\":\"ListItem\",\"position\":1,\"name\":\"Home\",\"item\":\"https:\\\/\\\/www.cadransolaire.it\\\/fr\\\/\"},{\"@type\":\"ListItem\",\"position\":2,\"name\":\"Histoire\"}]},{\"@type\":\"WebSite\",\"@id\":\"https:\\\/\\\/www.cadransolaire.it\\\/fr\\\/#website\",\"url\":\"https:\\\/\\\/www.cadransolaire.it\\\/fr\\\/\",\"name\":\"Cadran Solaire\",\"description\":\"Ristorante a Courmayeur\",\"potentialAction\":[{\"@type\":\"SearchAction\",\"target\":{\"@type\":\"EntryPoint\",\"urlTemplate\":\"https:\\\/\\\/www.cadransolaire.it\\\/fr\\\/?s={search_term_string}\"},\"query-input\":{\"@type\":\"PropertyValueSpecification\",\"valueRequired\":true,\"valueName\":\"search_term_string\"}}],\"inLanguage\":\"fr-FR\"}]}<\/script>\n<!-- \/ Yoast SEO plugin. -->","yoast_head_json":{"title":"L'histoire du Cadran: Lhospitalit\u00e9 de la Famille Garin","description":"L\u2019histoire de l\u2019hospitalit\u00e9 de la Famille Garin trouve ses origines dans les ann\u00e9es 1950, lorsque les grands-parents d\u2019Alessandra ...","robots":{"index":"index","follow":"follow","max-snippet":"max-snippet:-1","max-image-preview":"max-image-preview:large","max-video-preview":"max-video-preview:-1"},"canonical":"https:\/\/www.cadransolaire.it\/fr\/histoire\/","og_locale":"fr_FR","og_type":"article","og_title":"L'histoire du Cadran: Lhospitalit\u00e9 de la Famille Garin","og_description":"L\u2019histoire de l\u2019hospitalit\u00e9 de la Famille Garin trouve ses origines dans les ann\u00e9es 1950, lorsque les grands-parents d\u2019Alessandra ...","og_url":"https:\/\/www.cadransolaire.it\/fr\/histoire\/","og_site_name":"Cadran Solaire","article_modified_time":"2021-09-01T06:04:50+00:00","twitter_card":"summary_large_image","twitter_misc":{"Dur\u00e9e de lecture estim\u00e9e":"9 minutes"},"schema":{"@context":"https:\/\/schema.org","@graph":[{"@type":"WebPage","@id":"https:\/\/www.cadransolaire.it\/fr\/histoire\/","url":"https:\/\/www.cadransolaire.it\/fr\/histoire\/","name":"L'histoire du Cadran: Lhospitalit\u00e9 de la Famille Garin","isPartOf":{"@id":"https:\/\/www.cadransolaire.it\/fr\/#website"},"datePublished":"2021-08-23T12:45:42+00:00","dateModified":"2021-09-01T06:04:50+00:00","description":"L\u2019histoire de l\u2019hospitalit\u00e9 de la Famille Garin trouve ses origines dans les ann\u00e9es 1950, lorsque les grands-parents d\u2019Alessandra ...","breadcrumb":{"@id":"https:\/\/www.cadransolaire.it\/fr\/histoire\/#breadcrumb"},"inLanguage":"fr-FR","potentialAction":[{"@type":"ReadAction","target":["https:\/\/www.cadransolaire.it\/fr\/histoire\/"]}]},{"@type":"BreadcrumbList","@id":"https:\/\/www.cadransolaire.it\/fr\/histoire\/#breadcrumb","itemListElement":[{"@type":"ListItem","position":1,"name":"Home","item":"https:\/\/www.cadransolaire.it\/fr\/"},{"@type":"ListItem","position":2,"name":"Histoire"}]},{"@type":"WebSite","@id":"https:\/\/www.cadransolaire.it\/fr\/#website","url":"https:\/\/www.cadransolaire.it\/fr\/","name":"Cadran Solaire","description":"Ristorante a Courmayeur","potentialAction":[{"@type":"SearchAction","target":{"@type":"EntryPoint","urlTemplate":"https:\/\/www.cadransolaire.it\/fr\/?s={search_term_string}"},"query-input":{"@type":"PropertyValueSpecification","valueRequired":true,"valueName":"search_term_string"}}],"inLanguage":"fr-FR"}]}},"_links":{"self":[{"href":"https:\/\/www.cadransolaire.it\/fr\/wp-json\/wp\/v2\/pages\/1437","targetHints":{"allow":["GET"]}}],"collection":[{"href":"https:\/\/www.cadransolaire.it\/fr\/wp-json\/wp\/v2\/pages"}],"about":[{"href":"https:\/\/www.cadransolaire.it\/fr\/wp-json\/wp\/v2\/types\/page"}],"author":[{"embeddable":true,"href":"https:\/\/www.cadransolaire.it\/fr\/wp-json\/wp\/v2\/users\/1"}],"replies":[{"embeddable":true,"href":"https:\/\/www.cadransolaire.it\/fr\/wp-json\/wp\/v2\/comments?post=1437"}],"version-history":[{"count":3,"href":"https:\/\/www.cadransolaire.it\/fr\/wp-json\/wp\/v2\/pages\/1437\/revisions"}],"predecessor-version":[{"id":1509,"href":"https:\/\/www.cadransolaire.it\/fr\/wp-json\/wp\/v2\/pages\/1437\/revisions\/1509"}],"wp:attachment":[{"href":"https:\/\/www.cadransolaire.it\/fr\/wp-json\/wp\/v2\/media?parent=1437"}],"curies":[{"name":"wp","href":"https:\/\/api.w.org\/{rel}","templated":true}]}}