{"id":1434,"date":"2021-08-23T14:42:09","date_gmt":"2021-08-23T12:42:09","guid":{"rendered":"https:\/\/www.cadransolaire.it\/terrasse-solaire\/"},"modified":"2022-10-14T11:02:57","modified_gmt":"2022-10-14T09:02:57","slug":"terrasse-solaire","status":"publish","type":"page","link":"https:\/\/www.cadransolaire.it\/fr\/terrasse-solaire\/","title":{"rendered":"Terrasse solaire"},"content":{"rendered":"<p>[et_pb_section fb_built=&#8221;1&#8243; custom_padding_last_edited=&#8221;on|tablet&#8221; _builder_version=&#8221;4.16&#8243; _module_preset=&#8221;default&#8221; background_enable_color=&#8221;off&#8221; background_color_gradient_direction=&#8221;270deg&#8221; background_enable_image=&#8221;off&#8221; custom_padding=&#8221;120px||200px||false|&#8221; custom_padding_tablet=&#8221;50px||||false|false&#8221; custom_padding_phone=&#8221;&#8221; global_colors_info=&#8221;{}&#8221;][et_pb_row column_structure=&#8221;2_5,3_5&#8243; use_custom_gutter=&#8221;on&#8221; gutter_width=&#8221;2&#8243; _builder_version=&#8221;4.16&#8243; _module_preset=&#8221;default&#8221; custom_padding=&#8221;0px||0px||true|&#8221; global_colors_info=&#8221;{}&#8221;][et_pb_column type=&#8221;2_5&#8243; _builder_version=&#8221;4.16&#8243; _module_preset=&#8221;default&#8221; global_colors_info=&#8221;{}&#8221;][et_pb_text admin_label=&#8221;Terrasse solaire&#8221; _builder_version=&#8221;4.16&#8243; _module_preset=&#8221;default&#8221; text_text_color=&#8221;#FFFFFF&#8221; header_2_text_color=&#8221;#FFFFFF&#8221; background_enable_color=&#8221;off&#8221; custom_margin=&#8221;||||false|false&#8221; global_colors_info=&#8221;{}&#8221;]<\/p>\n<h1 style=\"text-align: left;\">Terrasse<br \/>solaire<\/h1>\n<p>[\/et_pb_text][et_pb_text _builder_version=&#8221;4.16&#8243; _module_preset=&#8221;default&#8221; background_enable_color=&#8221;off&#8221; max_width=&#8221;450px&#8221; module_alignment=&#8221;left&#8221; custom_margin=&#8221;||35px||false|false&#8221; global_colors_info=&#8221;{}&#8221;]<\/p>\n<p style=\"text-align: left;\">En toutes saisons, il est \u00e9galement possible de d\u00e9couvrir le Cadran en ext\u00e9rieur, en prenant place sur sa terrasse solarium donnant sur la Via Roma.<\/p>\n<p>Un magnifique jardin clos comme autrefois, o\u00f9 des lampadaires fleuris, des zones ombrag\u00e9es alternant avec des zones ensoleill\u00e9es, des plantes grimpantes, des fleurs et des jardini\u00e8res cr\u00e9ent un v\u00e9ritable espace enchant\u00e9 au centre m\u00eame de Courmayeur.<\/p>\n<p>[\/et_pb_text][\/et_pb_column][et_pb_column type=&#8221;3_5&#8243; _builder_version=&#8221;4.16&#8243; _module_preset=&#8221;default&#8221; global_colors_info=&#8221;{}&#8221;][et_pb_image src=&#8221;https:\/\/www.cadransolaire.it\/wp-content\/uploads\/2021\/08\/terrasse-solaire-10.jpg&#8221; alt=&#8221;Cadran Solaire &#8211; Ristorante a Courmayeur&#8221; title_text=&#8221;Cadran Solaire &#8211; Ristorante a Courmayeur&#8221; _builder_version=&#8221;4.16&#8243; _module_preset=&#8221;default&#8221; global_colors_info=&#8221;{}&#8221;][\/et_pb_image][\/et_pb_column][\/et_pb_row][\/et_pb_section][et_pb_section fb_built=&#8221;1&#8243; _builder_version=&#8221;4.16&#8243; _module_preset=&#8221;default&#8221; custom_margin=&#8221;||||false|false&#8221; custom_padding=&#8221;0px||0px||false|false&#8221; global_colors_info=&#8221;{}&#8221;][et_pb_row column_structure=&#8221;1_2,1_2&#8243; _builder_version=&#8221;4.16&#8243; _module_preset=&#8221;default&#8221; transform_translate_linked=&#8221;off&#8221; custom_padding=&#8221;0px||0px||true|&#8221; global_colors_info=&#8221;{}&#8221;][et_pb_column type=&#8221;1_2&#8243; _builder_version=&#8221;4.16&#8243; _module_preset=&#8221;default&#8221; transform_translate=&#8221;0px|-100px&#8221; transform_translate_linked=&#8221;off&#8221; global_colors_info=&#8221;{}&#8221;][et_pb_image src=&#8221;http:\/\/cadransolaire.it\/wp-content\/uploads\/2021\/06\/cadran-solaire-la-terrasse-1.jpg&#8221; alt=&#8221;La Terrasse &#8211; Cadran Solaire&#8221; title_text=&#8221;La Terrasse &#8211; Cadran Solaire&#8221; align=&#8221;center&#8221; _builder_version=&#8221;4.16&#8243; _module_preset=&#8221;default&#8221; custom_margin=&#8221;||50px|||&#8221; global_colors_info=&#8221;{}&#8221;][\/et_pb_image][et_pb_text admin_label=&#8221;\u201cI sogni ad occhi aperti &#8230;&#8221; _builder_version=&#8221;4.16&#8243; _module_preset=&#8221;default&#8221; max_width=&#8221;400px&#8221; module_alignment=&#8221;center&#8221; global_colors_info=&#8221;{}&#8221;]<\/p>\n<h3 style=\"text-align: center;\">\u00ab Les r\u00eaves \u00e9veill\u00e9s<br \/>\nsont mes pr\u00e9f\u00e9r\u00e9s :<br \/>\nla terrasse enchant\u00e9e du Cadran<br \/>\nau centre de Courmayeur<br \/>\nen est un bon exemple. \u00bb<\/h3>\n<p>[\/et_pb_text][et_pb_image src=&#8221;https:\/\/www.cadransolaire.it\/wp-content\/uploads\/2021\/09\/firma_patrizia_fra.png&#8221; alt=&#8221;Filippo &#8211; Cadran Solaire&#8221; title_text=&#8221;Firma Patrizia Fra&#8221; _builder_version=&#8221;4.16&#8243; _module_preset=&#8221;default&#8221; max_width=&#8221;200px&#8221; module_alignment=&#8221;center&#8221; animation_style=&#8221;slide&#8221; animation_direction=&#8221;left&#8221; global_colors_info=&#8221;{}&#8221;][\/et_pb_image][et_pb_image src=&#8221;https:\/\/www.cadransolaire.it\/wp-content\/uploads\/2021\/09\/terrasse-cadran-solaire-1.jpg&#8221; alt=&#8221;Cadran Solaire &#8211; Ristorante a Courmayeur&#8221; title_text=&#8221;Cadran Solaire &#8211; Ristorante a Courmayeur&#8221; align=&#8221;center&#8221; _builder_version=&#8221;4.16&#8243; _module_preset=&#8221;default&#8221; max_width=&#8221;350px&#8221; module_alignment=&#8221;center&#8221; custom_margin=&#8221;100px||50px||false|false&#8221; custom_margin_tablet=&#8221;0px||||false|false&#8221; custom_margin_phone=&#8221;&#8221; custom_margin_last_edited=&#8221;on|tablet&#8221; global_colors_info=&#8221;{}&#8221;][\/et_pb_image][\/et_pb_column][et_pb_column type=&#8221;1_2&#8243; _builder_version=&#8221;4.16&#8243; _module_preset=&#8221;default&#8221; transform_translate_linked=&#8221;off&#8221; global_colors_info=&#8221;{}&#8221;][et_pb_image src=&#8221;https:\/\/www.cadransolaire.it\/wp-content\/uploads\/2021\/12\/terrazza.jpg&#8221; alt=&#8221;Cadran Solaire &#8211; Ristorante a Courmayeur&#8221; title_text=&#8221;terrazza&#8221; align=&#8221;center&#8221; _builder_version=&#8221;4.16&#8243; _module_preset=&#8221;default&#8221; max_width=&#8221;350px&#8221; module_alignment=&#8221;center&#8221; custom_margin=&#8221;100px||50px||false|false&#8221; custom_margin_tablet=&#8221;0px||||false|false&#8221; custom_margin_phone=&#8221;&#8221; custom_margin_last_edited=&#8221;on|tablet&#8221; global_colors_info=&#8221;{}&#8221;][\/et_pb_image][et_pb_image src=&#8221;https:\/\/www.cadransolaire.it\/wp-content\/uploads\/2022\/06\/terrasse-20.jpg&#8221; alt=&#8221;Cadran Solaire &#8211; Ristorante a Courmayeur&#8221; title_text=&#8221;terrasse-20&#8243; align=&#8221;center&#8221; _builder_version=&#8221;4.17.3&#8243; _module_preset=&#8221;default&#8221; max_width=&#8221;550px&#8221; module_alignment=&#8221;center&#8221; custom_margin=&#8221;100px||50px||false|false&#8221; custom_margin_tablet=&#8221;0px||||false|false&#8221; custom_margin_phone=&#8221;&#8221; custom_margin_last_edited=&#8221;on|tablet&#8221; locked=&#8221;off&#8221; global_colors_info=&#8221;{}&#8221;][\/et_pb_image][\/et_pb_column][\/et_pb_row][\/et_pb_section][et_pb_section fb_built=&#8221;1&#8243; _builder_version=&#8221;4.16&#8243; _module_preset=&#8221;default&#8221; background_color=&#8221;#a56441&#8243; custom_padding=&#8221;100px||100px||true|false&#8221; global_colors_info=&#8221;{}&#8221;][et_pb_row _builder_version=&#8221;4.16&#8243; _module_preset=&#8221;default&#8221; max_width=&#8221;1000px&#8221; module_alignment=&#8221;center&#8221; custom_margin=&#8221;0px||0px||false|false&#8221; custom_padding=&#8221;0px||0px||false|false&#8221; global_colors_info=&#8221;{}&#8221;][et_pb_column type=&#8221;4_4&#8243; _builder_version=&#8221;4.16&#8243; _module_preset=&#8221;default&#8221; custom_padding=&#8221;0px||0px||false|false&#8221; global_colors_info=&#8221;{}&#8221;][et_pb_image src=&#8221;http:\/\/cadransolaire.it\/wp-content\/uploads\/2021\/04\/cornicetta.png&#8221; alt=&#8221;Cadran Solaire &#8211; Courmayeur&#8221; title_text=&#8221;Cadran Solaire &#8211; Courmayeur&#8221; align=&#8221;center&#8221; _builder_version=&#8221;4.16&#8243; _module_preset=&#8221;default&#8221; transform_rotate=&#8221;0deg|0deg|180deg&#8221; custom_margin=&#8221;||35px||false|false&#8221; global_colors_info=&#8221;{}&#8221;][\/et_pb_image][et_pb_text admin_label=&#8221;Prenota un tavolo nella Terrasse Solaire&#8221; _builder_version=&#8221;4.16&#8243; _module_preset=&#8221;default&#8221; text_text_color=&#8221;#FFFFFF&#8221; header_2_text_color=&#8221;#FFFFFF&#8221; background_enable_color=&#8221;off&#8221; custom_margin=&#8221;||0px||false|false&#8221; global_colors_info=&#8221;{}&#8221;]<\/p>\n<h2 style=\"text-align: center;\">R\u00e9servez une table sur la terrasse solarium.<\/h2>\n<p>[\/et_pb_text][et_pb_button button_url=&#8221;https:\/\/cadransolaire.plateform.app\/&#8221; button_text=&#8221;r\u00e9servez&#8221; button_alignment=&#8221;center&#8221; module_id=&#8221;bottone2&#8243; module_class=&#8221;bottone2&#8243; _builder_version=&#8221;4.18.0&#8243; _module_preset=&#8221;default&#8221; custom_button=&#8221;on&#8221; button_text_color=&#8221;#FFFFFF&#8221; custom_margin=&#8221;15px||50px||false|false&#8221; hover_enabled=&#8221;0&#8243; locked=&#8221;off&#8221; global_colors_info=&#8221;{}&#8221; url_new_window=&#8221;on&#8221; sticky_enabled=&#8221;0&#8243;][\/et_pb_button][et_pb_image src=&#8221;http:\/\/cadransolaire.it\/wp-content\/uploads\/2021\/04\/cornicetta.png&#8221; alt=&#8221;Cadran Solaire &#8211; Courmayeur&#8221; title_text=&#8221;Cadran Solaire &#8211; Courmayeur&#8221; align=&#8221;center&#8221; _builder_version=&#8221;4.16&#8243; _module_preset=&#8221;default&#8221; global_colors_info=&#8221;{}&#8221;][\/et_pb_image][\/et_pb_column][\/et_pb_row][\/et_pb_section][et_pb_section fb_built=&#8221;1&#8243; disabled_on=&#8221;off|on|on&#8221; _builder_version=&#8221;4.16&#8243; _module_preset=&#8221;default&#8221; background_color=&#8221;#503418&#8243; positioning=&#8221;fixed&#8221; position_origin_f=&#8221;bottom_center&#8221; z_index=&#8221;999999&#8243; custom_padding=&#8221;0px||0px||true|&#8221; global_module=&#8221;883&#8243; saved_tabs=&#8221;all&#8221; global_colors_info=&#8221;{}&#8221;][et_pb_row use_custom_gutter=&#8221;on&#8221; gutter_width=&#8221;2&#8243; make_equal=&#8221;on&#8221; module_class=&#8221;six-columns&#8221; _builder_version=&#8221;4.16&#8243; _module_preset=&#8221;default&#8221; width=&#8221;90%&#8221; max_width=&#8221;2560px&#8221; custom_padding=&#8221;15px||15px||true|false&#8221; global_colors_info=&#8221;{}&#8221;][et_pb_column type=&#8221;4_4&#8243; _builder_version=&#8221;4.16&#8243; _module_preset=&#8221;default&#8221; global_colors_info=&#8221;{}&#8221;][et_pb_blurb disabled_on=&#8221;off|off|off&#8221; _builder_version=&#8221;4.18.0&#8243; _module_preset=&#8221;default&#8221; body_text_color=&#8221;#FFFFFF&#8221; custom_margin=&#8221;||0px||false|false&#8221; link_option_url=&#8221;https:\/\/cadransolaire.plateform.app\/welcome&#8221; link_option_url_new_window=&#8221;on&#8221; custom_css_blurb_image=&#8221;margin-bottom: 5px;&#8221; global_colors_info=&#8221;{}&#8221;]<\/p>\n<p style=\"text-align: center;\">BOOK<\/p>\n<p>[\/et_pb_blurb][et_pb_blurb _builder_version=&#8221;4.16&#8243; _module_preset=&#8221;default&#8221; body_text_color=&#8221;#FFFFFF&#8221; custom_margin=&#8221;||0px||false|false&#8221; link_option_url=&#8221;tel:+390165844609&#8243; custom_css_blurb_image=&#8221;margin-bottom: 5px;&#8221; global_colors_info=&#8221;{}&#8221;]<\/p>\n<p style=\"text-align: center;\">PHONE<\/p>\n<p>[\/et_pb_blurb][\/et_pb_column][\/et_pb_row][\/et_pb_section]<\/p>\n","protected":false},"excerpt":{"rendered":"<p>TerrassesolaireEn toutes saisons, il est \u00e9galement possible de d\u00e9couvrir le Cadran en ext\u00e9rieur, en prenant place sur sa terrasse solarium donnant sur la Via Roma. Un magnifique jardin clos comme autrefois, o\u00f9 des lampadaires fleuris, des zones ombrag\u00e9es alternant avec des zones ensoleill\u00e9es, des plantes grimpantes, des fleurs et des jardini\u00e8res cr\u00e9ent un v\u00e9ritable espace [&hellip;]<\/p>\n","protected":false},"author":1,"featured_media":0,"parent":0,"menu_order":0,"comment_status":"closed","ping_status":"closed","template":"","meta":{"_et_pb_use_builder":"on","_et_pb_old_content":"","_et_gb_content_width":"","footnotes":""},"class_list":["post-1434","page","type-page","status-publish","hentry"],"yoast_head":"<!-- This site is optimized with the Yoast SEO plugin v27.3 - https:\/\/yoast.com\/product\/yoast-seo-wordpress\/ -->\n<title>La Terrasse Solaire - Vivre le Cadran Solaire<\/title>\n<meta name=\"description\" content=\"En toutes saisons, il est \u00e9galement possible de d\u00e9couvrir le Cadran en ext\u00e9rieur, en prenant place sur sa terrasse solarium ...\" \/>\n<meta name=\"robots\" content=\"index, follow, max-snippet:-1, max-image-preview:large, max-video-preview:-1\" \/>\n<link rel=\"canonical\" href=\"https:\/\/www.cadransolaire.it\/fr\/terrasse-solaire\/\" \/>\n<meta property=\"og:locale\" content=\"fr_FR\" \/>\n<meta property=\"og:type\" content=\"article\" \/>\n<meta property=\"og:title\" content=\"La Terrasse Solaire - Vivre le Cadran Solaire\" \/>\n<meta property=\"og:description\" content=\"En toutes saisons, il est \u00e9galement possible de d\u00e9couvrir le Cadran en ext\u00e9rieur, en prenant place sur sa terrasse solarium ...\" \/>\n<meta property=\"og:url\" content=\"https:\/\/www.cadransolaire.it\/fr\/terrasse-solaire\/\" \/>\n<meta property=\"og:site_name\" content=\"Cadran Solaire\" \/>\n<meta property=\"article:modified_time\" content=\"2022-10-14T09:02:57+00:00\" \/>\n<meta name=\"twitter:card\" content=\"summary_large_image\" \/>\n<meta name=\"twitter:label1\" content=\"Dur\u00e9e de lecture estim\u00e9e\" \/>\n\t<meta name=\"twitter:data1\" content=\"6 minutes\" \/>\n<script type=\"application\/ld+json\" class=\"yoast-schema-graph\">{\"@context\":\"https:\\\/\\\/schema.org\",\"@graph\":[{\"@type\":\"WebPage\",\"@id\":\"https:\\\/\\\/www.cadransolaire.it\\\/fr\\\/terrasse-solaire\\\/\",\"url\":\"https:\\\/\\\/www.cadransolaire.it\\\/fr\\\/terrasse-solaire\\\/\",\"name\":\"La Terrasse Solaire - Vivre le Cadran Solaire\",\"isPartOf\":{\"@id\":\"https:\\\/\\\/www.cadransolaire.it\\\/fr\\\/#website\"},\"datePublished\":\"2021-08-23T12:42:09+00:00\",\"dateModified\":\"2022-10-14T09:02:57+00:00\",\"description\":\"En toutes saisons, il est \u00e9galement possible de d\u00e9couvrir le Cadran en ext\u00e9rieur, en prenant place sur sa terrasse solarium ...\",\"breadcrumb\":{\"@id\":\"https:\\\/\\\/www.cadransolaire.it\\\/fr\\\/terrasse-solaire\\\/#breadcrumb\"},\"inLanguage\":\"fr-FR\",\"potentialAction\":[{\"@type\":\"ReadAction\",\"target\":[\"https:\\\/\\\/www.cadransolaire.it\\\/fr\\\/terrasse-solaire\\\/\"]}]},{\"@type\":\"BreadcrumbList\",\"@id\":\"https:\\\/\\\/www.cadransolaire.it\\\/fr\\\/terrasse-solaire\\\/#breadcrumb\",\"itemListElement\":[{\"@type\":\"ListItem\",\"position\":1,\"name\":\"Home\",\"item\":\"https:\\\/\\\/www.cadransolaire.it\\\/fr\\\/\"},{\"@type\":\"ListItem\",\"position\":2,\"name\":\"Terrasse solaire\"}]},{\"@type\":\"WebSite\",\"@id\":\"https:\\\/\\\/www.cadransolaire.it\\\/fr\\\/#website\",\"url\":\"https:\\\/\\\/www.cadransolaire.it\\\/fr\\\/\",\"name\":\"Cadran Solaire\",\"description\":\"Ristorante a Courmayeur\",\"potentialAction\":[{\"@type\":\"SearchAction\",\"target\":{\"@type\":\"EntryPoint\",\"urlTemplate\":\"https:\\\/\\\/www.cadransolaire.it\\\/fr\\\/?s={search_term_string}\"},\"query-input\":{\"@type\":\"PropertyValueSpecification\",\"valueRequired\":true,\"valueName\":\"search_term_string\"}}],\"inLanguage\":\"fr-FR\"}]}<\/script>\n<!-- \/ Yoast SEO plugin. -->","yoast_head_json":{"title":"La Terrasse Solaire - Vivre le Cadran Solaire","description":"En toutes saisons, il est \u00e9galement possible de d\u00e9couvrir le Cadran en ext\u00e9rieur, en prenant place sur sa terrasse solarium ...","robots":{"index":"index","follow":"follow","max-snippet":"max-snippet:-1","max-image-preview":"max-image-preview:large","max-video-preview":"max-video-preview:-1"},"canonical":"https:\/\/www.cadransolaire.it\/fr\/terrasse-solaire\/","og_locale":"fr_FR","og_type":"article","og_title":"La Terrasse Solaire - Vivre le Cadran Solaire","og_description":"En toutes saisons, il est \u00e9galement possible de d\u00e9couvrir le Cadran en ext\u00e9rieur, en prenant place sur sa terrasse solarium ...","og_url":"https:\/\/www.cadransolaire.it\/fr\/terrasse-solaire\/","og_site_name":"Cadran Solaire","article_modified_time":"2022-10-14T09:02:57+00:00","twitter_card":"summary_large_image","twitter_misc":{"Dur\u00e9e de lecture estim\u00e9e":"6 minutes"},"schema":{"@context":"https:\/\/schema.org","@graph":[{"@type":"WebPage","@id":"https:\/\/www.cadransolaire.it\/fr\/terrasse-solaire\/","url":"https:\/\/www.cadransolaire.it\/fr\/terrasse-solaire\/","name":"La Terrasse Solaire - Vivre le Cadran Solaire","isPartOf":{"@id":"https:\/\/www.cadransolaire.it\/fr\/#website"},"datePublished":"2021-08-23T12:42:09+00:00","dateModified":"2022-10-14T09:02:57+00:00","description":"En toutes saisons, il est \u00e9galement possible de d\u00e9couvrir le Cadran en ext\u00e9rieur, en prenant place sur sa terrasse solarium ...","breadcrumb":{"@id":"https:\/\/www.cadransolaire.it\/fr\/terrasse-solaire\/#breadcrumb"},"inLanguage":"fr-FR","potentialAction":[{"@type":"ReadAction","target":["https:\/\/www.cadransolaire.it\/fr\/terrasse-solaire\/"]}]},{"@type":"BreadcrumbList","@id":"https:\/\/www.cadransolaire.it\/fr\/terrasse-solaire\/#breadcrumb","itemListElement":[{"@type":"ListItem","position":1,"name":"Home","item":"https:\/\/www.cadransolaire.it\/fr\/"},{"@type":"ListItem","position":2,"name":"Terrasse solaire"}]},{"@type":"WebSite","@id":"https:\/\/www.cadransolaire.it\/fr\/#website","url":"https:\/\/www.cadransolaire.it\/fr\/","name":"Cadran Solaire","description":"Ristorante a Courmayeur","potentialAction":[{"@type":"SearchAction","target":{"@type":"EntryPoint","urlTemplate":"https:\/\/www.cadransolaire.it\/fr\/?s={search_term_string}"},"query-input":{"@type":"PropertyValueSpecification","valueRequired":true,"valueName":"search_term_string"}}],"inLanguage":"fr-FR"}]}},"_links":{"self":[{"href":"https:\/\/www.cadransolaire.it\/fr\/wp-json\/wp\/v2\/pages\/1434","targetHints":{"allow":["GET"]}}],"collection":[{"href":"https:\/\/www.cadransolaire.it\/fr\/wp-json\/wp\/v2\/pages"}],"about":[{"href":"https:\/\/www.cadransolaire.it\/fr\/wp-json\/wp\/v2\/types\/page"}],"author":[{"embeddable":true,"href":"https:\/\/www.cadransolaire.it\/fr\/wp-json\/wp\/v2\/users\/1"}],"replies":[{"embeddable":true,"href":"https:\/\/www.cadransolaire.it\/fr\/wp-json\/wp\/v2\/comments?post=1434"}],"version-history":[{"count":9,"href":"https:\/\/www.cadransolaire.it\/fr\/wp-json\/wp\/v2\/pages\/1434\/revisions"}],"predecessor-version":[{"id":2646,"href":"https:\/\/www.cadransolaire.it\/fr\/wp-json\/wp\/v2\/pages\/1434\/revisions\/2646"}],"wp:attachment":[{"href":"https:\/\/www.cadransolaire.it\/fr\/wp-json\/wp\/v2\/media?parent=1434"}],"curies":[{"name":"wp","href":"https:\/\/api.w.org\/{rel}","templated":true}]}}