{"id":1238,"date":"2021-07-05T17:41:23","date_gmt":"2021-07-05T15:41:23","guid":{"rendered":"http:\/\/cadransolaire.it\/history\/"},"modified":"2021-09-01T08:04:39","modified_gmt":"2021-09-01T06:04:39","slug":"history","status":"publish","type":"page","link":"https:\/\/www.cadransolaire.it\/en\/history\/","title":{"rendered":"History"},"content":{"rendered":"<p>[et_pb_section fb_built=&#8221;1&#8243; custom_padding_last_edited=&#8221;on|tablet&#8221; _builder_version=&#8221;4.9.4&#8243; _module_preset=&#8221;default&#8221; background_color=&#8221;#fdfaf5&#8243; custom_padding=&#8221;100px||300px||false|&#8221; custom_padding_tablet=&#8221;50px||||false|false&#8221; custom_padding_phone=&#8221;&#8221;][et_pb_row column_structure=&#8221;3_5,2_5&#8243; _builder_version=&#8221;4.9.4&#8243; _module_preset=&#8221;default&#8221; custom_padding=&#8221;0px||0px||true|&#8221;][et_pb_column type=&#8221;3_5&#8243; _builder_version=&#8221;4.9.4&#8243; _module_preset=&#8221;default&#8221;][et_pb_text admin_label=&#8221;La Storia&#8221; _builder_version=&#8221;4.9.4&#8243; _module_preset=&#8221;default&#8221; text_text_color=&#8221;#FFFFFF&#8221; header_2_text_color=&#8221;#FFFFFF&#8221; background_enable_color=&#8221;off&#8221; custom_margin=&#8221;||||false|false&#8221;]<\/p>\n<h1 style=\"text-align: center;\">History<\/h1>\n<p>[\/et_pb_text][et_pb_image src=&#8221;https:\/\/www.cadransolaire.it\/wp-content\/uploads\/2021\/04\/storia-quadri.png&#8221; alt=&#8221;The history &#8211; Cadran Solaire&#8221; title_text=&#8221;The history &#8211; Cadran Solaire&#8221; _builder_version=&#8221;4.9.7&#8243; _module_preset=&#8221;default&#8221; max_width=&#8221;500px&#8221; module_alignment=&#8221;center&#8221;][\/et_pb_image][\/et_pb_column][et_pb_column type=&#8221;2_5&#8243; _builder_version=&#8221;4.9.4&#8243; _module_preset=&#8221;default&#8221;][et_pb_text admin_label=&#8221;Famiglia Garin &#8230;&#8221; _builder_version=&#8221;4.9.4&#8243; _module_preset=&#8221;default&#8221;]<\/p>\n<h3>Garin family:<br \/>eaders of hospitality <br \/>at the foot of Mont Blanc for half a century<\/h3>\n<p>[\/et_pb_text][et_pb_text _builder_version=&#8221;4.9.4&#8243; _module_preset=&#8221;default&#8221;]<\/p>\n<p>The history of hospitality of the Garin family has its roots in the 1950s, when Alessandra Garin&#8217;s grandparents took over the Locanda Belvedere in Val Ferret and after La Brenva in Entr\u00e8ves.<br \/>\nLeo Garin, Alessandra&#8217;s father, worked in the family business and soon became one of the icons of tourism in Aosta Valley.<\/p>\n<p>In the 1960s he founded, in what was his father&#8217;s home, &#8220;La Maison de Filippo&#8221; restaurant, now no longer managed by Leo&#8217;s family, which will become one of the most famous restaurants in the area.<br \/>\nAwarded with Michelin star, it became destination for all the great protagonists of tourism in Courmayeur such as International political leaders and movie stars.<\/p>\n<p>[\/et_pb_text][et_pb_image src=&#8221;https:\/\/www.cadransolaire.it\/wp-content\/uploads\/2021\/06\/firme_famille.png&#8221; alt=&#8221;Family Garin &#8211; Cadran Solaire&#8221; title_text=&#8221;Firme Famille&#8221; _builder_version=&#8221;4.9.7&#8243; _module_preset=&#8221;default&#8221; max_width=&#8221;300px&#8221; module_alignment=&#8221;center&#8221; animation_style=&#8221;slide&#8221; animation_direction=&#8221;left&#8221; hover_enabled=&#8221;0&#8243; sticky_enabled=&#8221;0&#8243;][\/et_pb_image][\/et_pb_column][\/et_pb_row][\/et_pb_section][et_pb_section fb_built=&#8221;1&#8243; _builder_version=&#8221;4.9.4&#8243; _module_preset=&#8221;default&#8221; custom_margin=&#8221;||||false|false&#8221; custom_padding=&#8221;0px||100px||false|false&#8221;][et_pb_row column_structure=&#8221;1_2,1_2&#8243; _builder_version=&#8221;4.9.4&#8243; _module_preset=&#8221;default&#8221; transform_translate_linked=&#8221;off&#8221; custom_padding=&#8221;0px||0px||true|&#8221;][et_pb_column type=&#8221;1_2&#8243; _builder_version=&#8221;4.9.4&#8243; _module_preset=&#8221;default&#8221; transform_translate=&#8221;0px|-200px&#8221; transform_translate_linked=&#8221;off&#8221;][et_pb_image src=&#8221;https:\/\/www.cadransolaire.it\/wp-content\/uploads\/2021\/05\/cadran-solaire-la-storia-1.jpg&#8221; alt=&#8221;The history &#8211; Cadran Solaire&#8221; title_text=&#8221;The history &#8211; Cadran Solaire&#8221; show_in_lightbox=&#8221;on&#8221; align=&#8221;center&#8221; _builder_version=&#8221;4.9.7&#8243; _module_preset=&#8221;default&#8221; max_width=&#8221;400px&#8221; module_alignment=&#8221;center&#8221; custom_margin=&#8221;||50px|||&#8221;][\/et_pb_image][et_pb_text admin_label=&#8221;%22Piccole forme di arte &#8230;&#8221; _builder_version=&#8221;4.9.4&#8243; _module_preset=&#8221;default&#8221; max_width=&#8221;400px&#8221; module_alignment=&#8221;center&#8221;]<\/p>\n<h3 style=\"text-align: center;\">\u201cSmall forms of everyday art<br \/>\nhave found a home for more than half a century<br \/>\nin our family homes.<br \/>\nThey have the scent of hospitality<br \/>\nand the consistency of life.&#8221;<\/h3>\n<p>[\/et_pb_text][et_pb_image src=&#8221;https:\/\/www.cadransolaire.it\/wp-content\/uploads\/2021\/09\/firma_alessandra_ing.jpg&#8221; alt=&#8221;Alessandra &#8211; Cadran Solaire&#8221; title_text=&#8221;Firma Alessandra Ing&#8221; _builder_version=&#8221;4.9.7&#8243; _module_preset=&#8221;default&#8221; max_width=&#8221;300px&#8221; module_alignment=&#8221;center&#8221; animation_style=&#8221;slide&#8221; animation_direction=&#8221;left&#8221; hover_enabled=&#8221;0&#8243; sticky_enabled=&#8221;0&#8243;][\/et_pb_image][\/et_pb_column][et_pb_column type=&#8221;1_2&#8243; _builder_version=&#8221;4.9.4&#8243; _module_preset=&#8221;default&#8221; transform_translate=&#8221;0px|-100px&#8221; transform_translate_linked=&#8221;off&#8221;][et_pb_image src=&#8221;https:\/\/www.cadransolaire.it\/wp-content\/uploads\/2021\/05\/cadran-solaire-la-storia-2.jpg&#8221; alt=&#8221;The history &#8211; Cadran Solaire&#8221; title_text=&#8221;The history &#8211; Cadran Solaire&#8221; show_in_lightbox=&#8221;on&#8221; align=&#8221;right&#8221; _builder_version=&#8221;4.9.7&#8243; _module_preset=&#8221;default&#8221; max_width=&#8221;500px&#8221; custom_margin=&#8221;||100px|||&#8221;][\/et_pb_image][et_pb_text admin_label=&#8221;1985&#8243; _builder_version=&#8221;4.9.4&#8243; _module_preset=&#8221;default&#8221; custom_margin=&#8221;||0px||false|false&#8221;]<\/p>\n<h2 style=\"text-align: right;\">1985<\/h2>\n<p>[\/et_pb_text][et_pb_text _builder_version=&#8221;4.9.7&#8243; _module_preset=&#8221;default&#8221; max_width=&#8221;350px&#8221; module_alignment=&#8221;right&#8221; custom_margin=&#8221;||50px||false|false&#8221;]<\/p>\n<p style=\"text-align: right;\"> 1985 Leo and Patrizia Garin bought the Cadran Solaire. The &#8220;vecchio torchio&#8221; &#8211; as the place was called at the time. It was a disco bar and Leo and Patrizia decided to renovate and redecorate it.<\/p>\n<p>[\/et_pb_text][\/et_pb_column][\/et_pb_row][et_pb_row column_structure=&#8221;1_2,1_2&#8243; _builder_version=&#8221;4.9.4&#8243; _module_preset=&#8221;default&#8221; transform_translate=&#8221;0px|-100px&#8221; transform_translate_linked=&#8221;off&#8221; custom_margin=&#8221;|auto|100px|auto|false|false&#8221; custom_padding=&#8221;0px||0px||true|&#8221;][et_pb_column type=&#8221;1_2&#8243; _builder_version=&#8221;4.9.4&#8243; _module_preset=&#8221;default&#8221;][et_pb_text admin_label=&#8221;1996&#8243; _builder_version=&#8221;4.9.4&#8243; _module_preset=&#8221;default&#8221; custom_margin=&#8221;||0px||false|false&#8221;]<\/p>\n<h2 style=\"text-align: left;\">1996<\/h2>\n<p>[\/et_pb_text][et_pb_text _builder_version=&#8221;4.9.4&#8243; _module_preset=&#8221;default&#8221; max_width=&#8221;450px&#8221; module_alignment=&#8221;left&#8221;]<\/p>\n<p style=\"text-align: left;\">In 1996, thanks to his great passion as a collector of antique furniture, works of art, furnishings and mountain objects, Leo Garin created the Auberge de la Maison, right in front of the Maison de Filippo, in the heart of Entr\u00e8ves. Leo&#8217;s passion for mountain collecting and the innate taste for furnishings of Patrizia, Alessandra&#8217;s mother, make the Auberge a real hospitality house, different from all the Mont Blanc Mountain hotels.<\/p>\n<p>[\/et_pb_text][\/et_pb_column][et_pb_column type=&#8221;1_2&#8243; _builder_version=&#8221;4.9.4&#8243; _module_preset=&#8221;default&#8221;][et_pb_image src=&#8221;https:\/\/www.cadransolaire.it\/wp-content\/uploads\/2021\/06\/cadran-solaire-la-storia-1.jpg&#8221; alt=&#8221;The history &#8211; Cadran Solaire&#8221; title_text=&#8221;The history &#8211; Cadran Solaire&#8221; show_in_lightbox=&#8221;on&#8221; align=&#8221;right&#8221; _builder_version=&#8221;4.9.7&#8243; _module_preset=&#8221;default&#8221; max_width=&#8221;500px&#8221; custom_margin=&#8221;||||false|false&#8221;][\/et_pb_image][\/et_pb_column][\/et_pb_row][et_pb_row column_structure=&#8221;1_2,1_2&#8243; use_custom_gutter=&#8221;on&#8221; gutter_width=&#8221;2&#8243; _builder_version=&#8221;4.9.4&#8243; _module_preset=&#8221;default&#8221; transform_translate=&#8221;0px|-100px&#8221; transform_translate_linked=&#8221;off&#8221; custom_padding=&#8221;0px||0px||true|&#8221;][et_pb_column type=&#8221;1_2&#8243; _builder_version=&#8221;4.9.4&#8243; _module_preset=&#8221;default&#8221;][et_pb_image src=&#8221;https:\/\/www.cadransolaire.it\/wp-content\/uploads\/2021\/05\/cadran-solaire-la-storia-4.jpg&#8221; alt=&#8221;The history &#8211; Cadran Solaire&#8221; title_text=&#8221;The history &#8211; Cadran Solaire&#8221; show_in_lightbox=&#8221;on&#8221; align=&#8221;center&#8221; _builder_version=&#8221;4.9.7&#8243; _module_preset=&#8221;default&#8221; max_width=&#8221;400px&#8221; custom_margin=&#8221;||||false|false&#8221;][\/et_pb_image][\/et_pb_column][et_pb_column type=&#8221;1_2&#8243; _builder_version=&#8221;4.9.4&#8243; _module_preset=&#8221;default&#8221;][et_pb_text admin_label=&#8221;2004&#8243; _builder_version=&#8221;4.9.4&#8243; _module_preset=&#8221;default&#8221; custom_margin=&#8221;100px||0px||false|false&#8221; custom_margin_tablet=&#8221;0px||||false|false&#8221; custom_margin_phone=&#8221;&#8221; custom_margin_last_edited=&#8221;on|tablet&#8221;]<\/p>\n<h2 style=\"text-align: left;\">2004<\/h2>\n<p>[\/et_pb_text][et_pb_text _builder_version=&#8221;4.9.4&#8243; _module_preset=&#8221;default&#8221; max_width=&#8221;450px&#8221; module_alignment=&#8221;left&#8221;]<\/p>\n<p style=\"text-align: left;\">In 2004, after completing her studies at the \u00c9cole h\u00f4teli\u00e8re in Lausanne, Alessandra Garin, daughter of Leo and Patrizia, took over the Auberge. Since then, every season, Alessandra has been in charge of managing the hotel, carrying out renovations and enriching it with new ideas and new spaces for her guests.<\/p>\n<p>[\/et_pb_text][\/et_pb_column][\/et_pb_row][et_pb_row column_structure=&#8221;1_3,1_3,1_3&#8243; use_custom_gutter=&#8221;on&#8221; gutter_width=&#8221;2&#8243; _builder_version=&#8221;4.9.4&#8243; _module_preset=&#8221;default&#8221; custom_padding=&#8221;0px||0px||true|&#8221;][et_pb_column type=&#8221;1_3&#8243; _builder_version=&#8221;4.9.4&#8243; _module_preset=&#8221;default&#8221;][et_pb_image src=&#8221;https:\/\/www.cadransolaire.it\/wp-content\/uploads\/2021\/06\/cadran-solaire-la-storia-10.jpg&#8221; alt=&#8221;The history &#8211; Cadran Solaire&#8221; title_text=&#8221;The history &#8211; Cadran Solaire&#8221; align=&#8221;right&#8221; _builder_version=&#8221;4.9.7&#8243; _module_preset=&#8221;default&#8221; custom_margin=&#8221;||||false|false&#8221;][\/et_pb_image][\/et_pb_column][et_pb_column type=&#8221;1_3&#8243; _builder_version=&#8221;4.9.4&#8243; _module_preset=&#8221;default&#8221;][et_pb_image src=&#8221;https:\/\/www.cadransolaire.it\/wp-content\/uploads\/2021\/05\/cadran-solaire-la-storia-6.jpg&#8221; alt=&#8221;The history &#8211; Cadran Solaire&#8221; title_text=&#8221;The history &#8211; Cadran Solaire&#8221; align=&#8221;center&#8221; _builder_version=&#8221;4.9.7&#8243; _module_preset=&#8221;default&#8221; custom_margin=&#8221;||||false|false&#8221;][\/et_pb_image][\/et_pb_column][et_pb_column type=&#8221;1_3&#8243; _builder_version=&#8221;4.9.4&#8243; _module_preset=&#8221;default&#8221;][et_pb_image src=&#8221;https:\/\/www.cadransolaire.it\/wp-content\/uploads\/2021\/06\/cadran-solaire-la-storia-11.jpg&#8221; alt=&#8221;The history &#8211; Cadran Solaire&#8221; title_text=&#8221;The history &#8211; Cadran Solaire&#8221; _builder_version=&#8221;4.9.7&#8243; _module_preset=&#8221;default&#8221; custom_margin=&#8221;||||false|false&#8221;][\/et_pb_image][\/et_pb_column][\/et_pb_row][\/et_pb_section][et_pb_section fb_built=&#8221;1&#8243; _builder_version=&#8221;4.9.4&#8243; _module_preset=&#8221;default&#8221; background_color=&#8221;#a56441&#8243; custom_padding=&#8221;100px||100px||true|false&#8221;][et_pb_row _builder_version=&#8221;4.9.4&#8243; _module_preset=&#8221;default&#8221; max_width=&#8221;1000px&#8221; module_alignment=&#8221;center&#8221; custom_margin=&#8221;0px||0px||false|false&#8221; custom_padding=&#8221;0px||0px||false|false&#8221;][et_pb_column type=&#8221;4_4&#8243; _builder_version=&#8221;4.9.3&#8243; _module_preset=&#8221;default&#8221; custom_padding=&#8221;0px||0px||false|false&#8221;][et_pb_image src=&#8221;https:\/\/www.cadransolaire.it\/wp-content\/uploads\/2021\/04\/cornicetta.png&#8221; alt=&#8221;Cadran Solaire &#8211; Courmayeur&#8221; title_text=&#8221;Cadran Solaire &#8211; Courmayeur&#8221; align=&#8221;center&#8221; _builder_version=&#8221;4.9.7&#8243; _module_preset=&#8221;default&#8221; transform_rotate=&#8221;0deg|0deg|180deg&#8221; custom_margin=&#8221;||35px||false|false&#8221;][\/et_pb_image][et_pb_text admin_label=&#8221;2021&#8243; _builder_version=&#8221;4.9.4&#8243; _module_preset=&#8221;default&#8221; text_text_color=&#8221;#FFFFFF&#8221; header_2_text_color=&#8221;#FFFFFF&#8221; background_enable_color=&#8221;off&#8221; custom_margin=&#8221;||0px||false|false&#8221;]<\/p>\n<h2 style=\"text-align: center;\">2021<\/h2>\n<p>[\/et_pb_text][et_pb_text _builder_version=&#8221;4.9.4&#8243; _module_preset=&#8221;default&#8221; text_text_color=&#8221;#FFFFFF&#8221; background_enable_color=&#8221;off&#8221; custom_margin=&#8221;||50px||false|false&#8221;]<\/p>\n<p style=\"text-align: center;\">In 2021, on the occasion of the 25th anniversary of the Auberge de La Maison, Alessandra Garin and her husband Filippo Valdata resume management of the Cadran Solaire opened by Leo in 1985 by renovating It.<br \/>\nThe tradition of hospitality of the Garin family is thus reunited with the center of Courmayeur.<\/p>\n<p>[\/et_pb_text][et_pb_image src=&#8221;https:\/\/www.cadransolaire.it\/wp-content\/uploads\/2021\/04\/cornicetta.png&#8221; alt=&#8221;Cadran Solaire &#8211; Courmayeur&#8221; title_text=&#8221;Cadran Solaire &#8211; Courmayeur&#8221; align=&#8221;center&#8221; _builder_version=&#8221;4.9.4&#8243; _module_preset=&#8221;default&#8221;][\/et_pb_image][\/et_pb_column][\/et_pb_row][\/et_pb_section][et_pb_section fb_built=&#8221;1&#8243; disabled_on=&#8221;off|on|on&#8221; _builder_version=&#8221;4.9.4&#8243; _module_preset=&#8221;default&#8221; background_color=&#8221;#503418&#8243; positioning=&#8221;fixed&#8221; position_origin_f=&#8221;bottom_center&#8221; z_index=&#8221;999999&#8243; custom_padding=&#8221;0px||0px||true|&#8221; global_module=&#8221;883&#8243; saved_tabs=&#8221;all&#8221;][et_pb_row use_custom_gutter=&#8221;on&#8221; gutter_width=&#8221;2&#8243; make_equal=&#8221;on&#8221; module_class=&#8221;six-columns&#8221; _builder_version=&#8221;4.9.4&#8243; _module_preset=&#8221;default&#8221; width=&#8221;90%&#8221; max_width=&#8221;2560px&#8221; custom_padding=&#8221;15px||15px||true|false&#8221;][et_pb_column type=&#8221;4_4&#8243; _builder_version=&#8221;4.9.4&#8243; _module_preset=&#8221;default&#8221;][et_pb_blurb disabled_on=&#8221;off|off|off&#8221; _builder_version=&#8221;4.9.7&#8243; _module_preset=&#8221;default&#8221; body_text_color=&#8221;#FFFFFF&#8221; custom_margin=&#8221;||0px||false|false&#8221; link_option_url=&#8221;mailto:info@cadransolaire.it&#8221; custom_css_blurb_image=&#8221;margin-bottom: 5px;&#8221;]<\/p>\n<p style=\"text-align: center;\">BOOK<\/p>\n<p>[\/et_pb_blurb][et_pb_blurb _builder_version=&#8221;4.9.7&#8243; _module_preset=&#8221;default&#8221; body_text_color=&#8221;#FFFFFF&#8221; custom_margin=&#8221;||0px||false|false&#8221; link_option_url=&#8221;tel:+390165844609&#8243; custom_css_blurb_image=&#8221;margin-bottom: 5px;&#8221;]<\/p>\n<p style=\"text-align: center;\">PHONE<\/p>\n<p>[\/et_pb_blurb][\/et_pb_column][\/et_pb_row][\/et_pb_section]<\/p>\n","protected":false},"excerpt":{"rendered":"<p>HistoryGarin family:eaders of hospitality at the foot of Mont Blanc for half a centuryThe history of hospitality of the Garin family has its roots in the 1950s, when Alessandra Garin&#8217;s grandparents took over the Locanda Belvedere in Val Ferret and after La Brenva in Entr\u00e8ves. Leo Garin, Alessandra&#8217;s father, worked in the family business and [&hellip;]<\/p>\n","protected":false},"author":1,"featured_media":0,"parent":0,"menu_order":0,"comment_status":"closed","ping_status":"closed","template":"","meta":{"_et_pb_use_builder":"on","_et_pb_old_content":"","_et_gb_content_width":"","footnotes":""},"class_list":["post-1238","page","type-page","status-publish","hentry"],"yoast_head":"<!-- This site is optimized with the Yoast SEO plugin v27.3 - https:\/\/yoast.com\/product\/yoast-seo-wordpress\/ -->\n<title>History - Cadran Solaire<\/title>\n<meta name=\"description\" content=\"The history of hospitality of the Garin family has its roots in the 1950s, when Alessandra Garin&#039;s grandparents took over the ...\" \/>\n<meta name=\"robots\" content=\"index, follow, max-snippet:-1, max-image-preview:large, max-video-preview:-1\" \/>\n<link rel=\"canonical\" href=\"https:\/\/www.cadransolaire.it\/en\/history\/\" \/>\n<meta property=\"og:locale\" content=\"en_US\" \/>\n<meta property=\"og:type\" content=\"article\" \/>\n<meta property=\"og:title\" content=\"History - Cadran Solaire\" \/>\n<meta property=\"og:description\" content=\"The history of hospitality of the Garin family has its roots in the 1950s, when Alessandra Garin&#039;s grandparents took over the ...\" \/>\n<meta property=\"og:url\" content=\"https:\/\/www.cadransolaire.it\/en\/history\/\" \/>\n<meta property=\"og:site_name\" content=\"Cadran Solaire\" \/>\n<meta property=\"article:modified_time\" content=\"2021-09-01T06:04:39+00:00\" \/>\n<meta name=\"twitter:card\" content=\"summary_large_image\" \/>\n<meta name=\"twitter:label1\" content=\"Est. reading time\" \/>\n\t<meta name=\"twitter:data1\" content=\"9 minutes\" \/>\n<script type=\"application\/ld+json\" class=\"yoast-schema-graph\">{\"@context\":\"https:\\\/\\\/schema.org\",\"@graph\":[{\"@type\":\"WebPage\",\"@id\":\"https:\\\/\\\/www.cadransolaire.it\\\/en\\\/history\\\/\",\"url\":\"https:\\\/\\\/www.cadransolaire.it\\\/en\\\/history\\\/\",\"name\":\"History - Cadran Solaire\",\"isPartOf\":{\"@id\":\"https:\\\/\\\/www.cadransolaire.it\\\/en\\\/#website\"},\"datePublished\":\"2021-07-05T15:41:23+00:00\",\"dateModified\":\"2021-09-01T06:04:39+00:00\",\"description\":\"The history of hospitality of the Garin family has its roots in the 1950s, when Alessandra Garin's grandparents took over the ...\",\"breadcrumb\":{\"@id\":\"https:\\\/\\\/www.cadransolaire.it\\\/en\\\/history\\\/#breadcrumb\"},\"inLanguage\":\"en-US\",\"potentialAction\":[{\"@type\":\"ReadAction\",\"target\":[\"https:\\\/\\\/www.cadransolaire.it\\\/en\\\/history\\\/\"]}]},{\"@type\":\"BreadcrumbList\",\"@id\":\"https:\\\/\\\/www.cadransolaire.it\\\/en\\\/history\\\/#breadcrumb\",\"itemListElement\":[{\"@type\":\"ListItem\",\"position\":1,\"name\":\"Home\",\"item\":\"https:\\\/\\\/www.cadransolaire.it\\\/en\\\/\"},{\"@type\":\"ListItem\",\"position\":2,\"name\":\"History\"}]},{\"@type\":\"WebSite\",\"@id\":\"https:\\\/\\\/www.cadransolaire.it\\\/en\\\/#website\",\"url\":\"https:\\\/\\\/www.cadransolaire.it\\\/en\\\/\",\"name\":\"Cadran Solaire\",\"description\":\"Ristorante a Courmayeur\",\"potentialAction\":[{\"@type\":\"SearchAction\",\"target\":{\"@type\":\"EntryPoint\",\"urlTemplate\":\"https:\\\/\\\/www.cadransolaire.it\\\/en\\\/?s={search_term_string}\"},\"query-input\":{\"@type\":\"PropertyValueSpecification\",\"valueRequired\":true,\"valueName\":\"search_term_string\"}}],\"inLanguage\":\"en-US\"}]}<\/script>\n<!-- \/ Yoast SEO plugin. -->","yoast_head_json":{"title":"History - Cadran Solaire","description":"The history of hospitality of the Garin family has its roots in the 1950s, when Alessandra Garin's grandparents took over the ...","robots":{"index":"index","follow":"follow","max-snippet":"max-snippet:-1","max-image-preview":"max-image-preview:large","max-video-preview":"max-video-preview:-1"},"canonical":"https:\/\/www.cadransolaire.it\/en\/history\/","og_locale":"en_US","og_type":"article","og_title":"History - Cadran Solaire","og_description":"The history of hospitality of the Garin family has its roots in the 1950s, when Alessandra Garin's grandparents took over the ...","og_url":"https:\/\/www.cadransolaire.it\/en\/history\/","og_site_name":"Cadran Solaire","article_modified_time":"2021-09-01T06:04:39+00:00","twitter_card":"summary_large_image","twitter_misc":{"Est. reading time":"9 minutes"},"schema":{"@context":"https:\/\/schema.org","@graph":[{"@type":"WebPage","@id":"https:\/\/www.cadransolaire.it\/en\/history\/","url":"https:\/\/www.cadransolaire.it\/en\/history\/","name":"History - Cadran Solaire","isPartOf":{"@id":"https:\/\/www.cadransolaire.it\/en\/#website"},"datePublished":"2021-07-05T15:41:23+00:00","dateModified":"2021-09-01T06:04:39+00:00","description":"The history of hospitality of the Garin family has its roots in the 1950s, when Alessandra Garin's grandparents took over the ...","breadcrumb":{"@id":"https:\/\/www.cadransolaire.it\/en\/history\/#breadcrumb"},"inLanguage":"en-US","potentialAction":[{"@type":"ReadAction","target":["https:\/\/www.cadransolaire.it\/en\/history\/"]}]},{"@type":"BreadcrumbList","@id":"https:\/\/www.cadransolaire.it\/en\/history\/#breadcrumb","itemListElement":[{"@type":"ListItem","position":1,"name":"Home","item":"https:\/\/www.cadransolaire.it\/en\/"},{"@type":"ListItem","position":2,"name":"History"}]},{"@type":"WebSite","@id":"https:\/\/www.cadransolaire.it\/en\/#website","url":"https:\/\/www.cadransolaire.it\/en\/","name":"Cadran Solaire","description":"Ristorante a Courmayeur","potentialAction":[{"@type":"SearchAction","target":{"@type":"EntryPoint","urlTemplate":"https:\/\/www.cadransolaire.it\/en\/?s={search_term_string}"},"query-input":{"@type":"PropertyValueSpecification","valueRequired":true,"valueName":"search_term_string"}}],"inLanguage":"en-US"}]}},"_links":{"self":[{"href":"https:\/\/www.cadransolaire.it\/en\/wp-json\/wp\/v2\/pages\/1238","targetHints":{"allow":["GET"]}}],"collection":[{"href":"https:\/\/www.cadransolaire.it\/en\/wp-json\/wp\/v2\/pages"}],"about":[{"href":"https:\/\/www.cadransolaire.it\/en\/wp-json\/wp\/v2\/types\/page"}],"author":[{"embeddable":true,"href":"https:\/\/www.cadransolaire.it\/en\/wp-json\/wp\/v2\/users\/1"}],"replies":[{"embeddable":true,"href":"https:\/\/www.cadransolaire.it\/en\/wp-json\/wp\/v2\/comments?post=1238"}],"version-history":[{"count":5,"href":"https:\/\/www.cadransolaire.it\/en\/wp-json\/wp\/v2\/pages\/1238\/revisions"}],"predecessor-version":[{"id":1508,"href":"https:\/\/www.cadransolaire.it\/en\/wp-json\/wp\/v2\/pages\/1238\/revisions\/1508"}],"wp:attachment":[{"href":"https:\/\/www.cadransolaire.it\/en\/wp-json\/wp\/v2\/media?parent=1238"}],"curies":[{"name":"wp","href":"https:\/\/api.w.org\/{rel}","templated":true}]}}